{"id":9850,"date":"2025-01-30T09:47:11","date_gmt":"2025-01-30T08:47:11","guid":{"rendered":"https:\/\/lilyagarden.com\/?page_id=9850"},"modified":"2025-03-17T15:42:13","modified_gmt":"2025-03-17T14:42:13","slug":"certification","status":"publish","type":"page","link":"https:\/\/lilyagarden.com\/fr\/certification\/","title":{"rendered":"Certification"},"content":{"rendered":"<div data-elementor-type=\"wp-page\" data-elementor-id=\"9850\" class=\"elementor elementor-9850\" data-elementor-post-type=\"page\">\n\t\t\t\t<div class=\"elementor-element elementor-element-e6553eb e-flex e-con-boxed e-con e-parent\" data-id=\"e6553eb\" data-element_type=\"container\">\n\t\t\t\t\t<div class=\"e-con-inner\">\n\t\t\t\t<div class=\"elementor-element elementor-element-38b10ff elementor-widget-mobile__width-inherit elementor-widget elementor-widget-gronn_core_section_title\" data-id=\"38b10ff\" data-element_type=\"widget\" data-widget_type=\"gronn_core_section_title.default\">\n\t\t\t\t<div class=\"elementor-widget-container\">\n\t\t\t\t\t<div class=\"qodef-shortcode qodef-m  qodef-section-title qodef-alignment--center qodef-title-break--disabled\">\n\t\t<h2 class=\"qodef-m-title qodef-section-title-font-955\" >\n\t\t\t\t\tNos Certifications\t\t\t<\/h2>\n\t\t<\/div>\n\t\t\t\t<\/div>\n\t\t\t\t<\/div>\n\t\t\t\t<div class=\"elementor-element elementor-element-7c88e9c elementor-widget elementor-widget-text-editor\" data-id=\"7c88e9c\" data-element_type=\"widget\" data-widget_type=\"text-editor.default\">\n\t\t\t\t<div class=\"elementor-widget-container\">\n\t\t\t\t\t\t\t\t\tNous sommes fiers de notre engagement envers l\u2019excellence et la durabilit\u00e9, reconnu par des certifications prestigieuses \u00e0 l\u2019\u00e9chelle mondiale\t\t\t\t\t\t\t\t<\/div>\n\t\t\t\t<\/div>\n\t\t\t\t<div class=\"elementor-element elementor-element-4ca9e26 elementor-widget elementor-widget-text-editor\" data-id=\"4ca9e26\" data-element_type=\"widget\" data-widget_type=\"text-editor.default\">\n\t\t\t\t<div class=\"elementor-widget-container\">\n\t\t\t\t\t\t\t\t\t<div>\n\nDe 2007 \u00e0 2009, j\u2019ai suivi un Bachelor en Architecture du Paysage \u00e0 l\u2019\u00c9cole du Paysage en Belgique, une formation qui m\u2019a permis d\u2019acqu\u00e9rir de solides bases en conception et r\u00e9alisation de projets paysagers. Cependant, je n\u2019ai pas pu finaliser ce programme, car entre-temps, j\u2019ai accueilli ma fille et sa naissance a marqu\u00e9 une nouvelle \u00e9tape dans ma vie. Parall\u00e8lement, une opportunit\u00e9 unique s\u2019est pr\u00e9sent\u00e9e : la cr\u00e9ation et la r\u00e9alisation des jardins de l\u2019H\u00f4tel Marrakech Ryad Park and Spa, un projet de grande envergure s\u2019\u00e9tendant sur 6 hectares de jardins.\n<\/div>\t\t\t\t\t\t\t\t<\/div>\n\t\t\t\t<\/div>\n\t\t\t\t\t<\/div>\n\t\t\t\t<\/div>\n\t\t<div class=\"elementor-element elementor-element-57d04b8 e-flex e-con-boxed e-con e-parent\" data-id=\"57d04b8\" data-element_type=\"container\">\n\t\t\t\t\t<div class=\"e-con-inner\">\n\t\t<div class=\"elementor-element elementor-element-20f395f e-con-full e-flex e-con e-child\" data-id=\"20f395f\" data-element_type=\"container\">\n\t\t\t\t<div class=\"elementor-element elementor-element-f1cd72d elementor-widget__width-initial elementor-widget-mobile__width-inherit elementor-widget elementor-widget-gronn_core_section_title\" data-id=\"f1cd72d\" data-element_type=\"widget\" data-widget_type=\"gronn_core_section_title.default\">\n\t\t\t\t<div class=\"elementor-widget-container\">\n\t\t\t\t\t<div class=\"qodef-shortcode qodef-m  qodef-section-title qodef-alignment--left qodef-title-break--disabled\">\n\t\t<h3 class=\"qodef-m-title qodef-section-title-font-104\" >\n\t\t\t\t\tCertification en \u00c9cosyst\u00e8mes<br> Verticaux <span class=\"qodef-highlight-text\">\u2013 Paisajismo<\/span> Urbano\t\t\t<\/h3>\n\t\t<p class=\"qodef-m-text\" >Ma\u00eetrise des techniques innovantes pour la conception et l\u2019installation de jardins verticaux durables et esth\u00e9tiques.<\/p>\n\t<\/div>\n\t\t\t\t<\/div>\n\t\t\t\t<\/div>\n\t\t\t\t<\/div>\n\t\t<div class=\"elementor-element elementor-element-8cc17cd e-con-full e-flex e-con e-child\" data-id=\"8cc17cd\" data-element_type=\"container\">\n\t\t\t\t<div class=\"elementor-element elementor-element-a958b15 elementor-widget elementor-widget-image\" data-id=\"a958b15\" data-element_type=\"widget\" data-widget_type=\"image.default\">\n\t\t\t\t<div class=\"elementor-widget-container\">\n\t\t\t\t\t\t\t\t\t\t\t\t\t\t\t<img fetchpriority=\"high\" decoding=\"async\" width=\"1024\" height=\"723\" src=\"https:\/\/lilyagarden.com\/wp-content\/uploads\/2024\/03\/diplome-1024x723.jpg\" class=\"attachment-large size-large wp-image-8591\" alt=\"\" srcset=\"https:\/\/lilyagarden.com\/wp-content\/uploads\/2024\/03\/diplome-1024x723.jpg 1024w, https:\/\/lilyagarden.com\/wp-content\/uploads\/2024\/03\/diplome-300x212.jpg 300w, https:\/\/lilyagarden.com\/wp-content\/uploads\/2024\/03\/diplome-768x542.jpg 768w, https:\/\/lilyagarden.com\/wp-content\/uploads\/2024\/03\/diplome-600x424.jpg 600w, https:\/\/lilyagarden.com\/wp-content\/uploads\/2024\/03\/diplome.jpg 1520w\" sizes=\"(max-width: 1024px) 100vw, 1024px\" \/>\t\t\t\t\t\t\t\t\t\t\t\t\t\t\t<\/div>\n\t\t\t\t<\/div>\n\t\t\t\t<\/div>\n\t\t\t\t\t<\/div>\n\t\t\t\t<\/div>\n\t\t<div class=\"elementor-element elementor-element-8ba29bc e-flex e-con-boxed e-con e-parent\" data-id=\"8ba29bc\" data-element_type=\"container\">\n\t\t\t\t\t<div class=\"e-con-inner\">\n\t\t<div class=\"elementor-element elementor-element-6d2e12f e-con-full e-flex e-con e-child\" data-id=\"6d2e12f\" data-element_type=\"container\">\n\t\t\t\t<div class=\"elementor-element elementor-element-e9893c1 elementor-widget elementor-widget-image\" data-id=\"e9893c1\" data-element_type=\"widget\" data-widget_type=\"image.default\">\n\t\t\t\t<div class=\"elementor-widget-container\">\n\t\t\t\t\t\t\t\t\t\t\t\t\t\t\t<img decoding=\"async\" width=\"1024\" height=\"850\" src=\"https:\/\/lilyagarden.com\/wp-content\/uploads\/2024\/04\/Capture-decran-2024-04-17-a-23.03.59-1024x850.png\" class=\"attachment-large size-large wp-image-9611\" alt=\"\" srcset=\"https:\/\/lilyagarden.com\/wp-content\/uploads\/2024\/04\/Capture-decran-2024-04-17-a-23.03.59-1024x850.png 1024w, https:\/\/lilyagarden.com\/wp-content\/uploads\/2024\/04\/Capture-decran-2024-04-17-a-23.03.59-300x249.png 300w, https:\/\/lilyagarden.com\/wp-content\/uploads\/2024\/04\/Capture-decran-2024-04-17-a-23.03.59-768x637.png 768w, https:\/\/lilyagarden.com\/wp-content\/uploads\/2024\/04\/Capture-decran-2024-04-17-a-23.03.59-14x12.png 14w, https:\/\/lilyagarden.com\/wp-content\/uploads\/2024\/04\/Capture-decran-2024-04-17-a-23.03.59-600x498.png 600w, https:\/\/lilyagarden.com\/wp-content\/uploads\/2024\/04\/Capture-decran-2024-04-17-a-23.03.59.png 1270w\" sizes=\"(max-width: 1024px) 100vw, 1024px\" \/>\t\t\t\t\t\t\t\t\t\t\t\t\t\t\t<\/div>\n\t\t\t\t<\/div>\n\t\t\t\t<\/div>\n\t\t<div class=\"elementor-element elementor-element-598669b e-con-full e-flex e-con e-child\" data-id=\"598669b\" data-element_type=\"container\">\n\t\t\t\t<div class=\"elementor-element elementor-element-e25faea elementor-widget__width-initial elementor-widget-mobile__width-inherit elementor-widget elementor-widget-gronn_core_section_title\" data-id=\"e25faea\" data-element_type=\"widget\" data-widget_type=\"gronn_core_section_title.default\">\n\t\t\t\t<div class=\"elementor-widget-container\">\n\t\t\t\t\t<div class=\"qodef-shortcode qodef-m  qodef-section-title qodef-alignment--left qodef-title-break--disabled\">\n\t\t<h3 class=\"qodef-m-title qodef-section-title-font-758\" >\n\t\t\t\t\tCertification en \u00c9conomie<br> Circulaire <span class=\"qodef-highlight-text\">\u2013  Cambridge Business School  \t\t\t<\/h3>\n\t\t<p class=\"qodef-m-text\" >Approfondissement des strat\u00e9gies de durabilit\u00e9 et d\u2019\u00e9conomie circulaire pour des projets paysagers respectueux de l\u2019environnement.\n<\/p>\n\t<\/div>\n\t\t\t\t<\/div>\n\t\t\t\t<\/div>\n\t\t\t\t<\/div>\n\t\t\t\t\t<\/div>\n\t\t\t\t<\/div>\n\t\t\t\t<\/div>","protected":false},"excerpt":{"rendered":"<p>Our Certifications We take pride in our commitment to excellence and sustainability, recognized by prestigious certifications on a global scale. From 2007 to 2009, I pursued a Bachelor\u2019s degree in Landscape Architecture at the School of Landscape Architecture in Belgium, a program that provided me with a strong foundation in the design and implementation of [&hellip;]<\/p>","protected":false},"author":1,"featured_media":0,"parent":0,"menu_order":0,"comment_status":"closed","ping_status":"closed","template":"","meta":{"_monsterinsights_skip_tracking":false,"_monsterinsights_sitenote_active":false,"_monsterinsights_sitenote_note":"","_monsterinsights_sitenote_category":0,"footnotes":""},"class_list":["post-9850","page","type-page","status-publish","hentry"],"aioseo_notices":[],"_links":{"self":[{"href":"https:\/\/lilyagarden.com\/fr\/wp-json\/wp\/v2\/pages\/9850","targetHints":{"allow":["GET"]}}],"collection":[{"href":"https:\/\/lilyagarden.com\/fr\/wp-json\/wp\/v2\/pages"}],"about":[{"href":"https:\/\/lilyagarden.com\/fr\/wp-json\/wp\/v2\/types\/page"}],"author":[{"embeddable":true,"href":"https:\/\/lilyagarden.com\/fr\/wp-json\/wp\/v2\/users\/1"}],"replies":[{"embeddable":true,"href":"https:\/\/lilyagarden.com\/fr\/wp-json\/wp\/v2\/comments?post=9850"}],"version-history":[{"count":28,"href":"https:\/\/lilyagarden.com\/fr\/wp-json\/wp\/v2\/pages\/9850\/revisions"}],"predecessor-version":[{"id":10260,"href":"https:\/\/lilyagarden.com\/fr\/wp-json\/wp\/v2\/pages\/9850\/revisions\/10260"}],"wp:attachment":[{"href":"https:\/\/lilyagarden.com\/fr\/wp-json\/wp\/v2\/media?parent=9850"}],"curies":[{"name":"wp","href":"https:\/\/api.w.org\/{rel}","templated":true}]}}