{"id":8843,"date":"2024-04-01T13:33:28","date_gmt":"2024-04-01T11:33:28","guid":{"rendered":"https:\/\/lilyagarden.com\/?page_id=8843"},"modified":"2025-03-18T11:48:54","modified_gmt":"2025-03-18T10:48:54","slug":"floral-and-botanical-decor","status":"publish","type":"page","link":"https:\/\/lilyagarden.com\/fr\/floral-and-botanical-decor\/","title":{"rendered":"D\u00e9cor floral et botanique"},"content":{"rendered":"<div data-elementor-type=\"wp-page\" data-elementor-id=\"8843\" class=\"elementor elementor-8843\" data-elementor-post-type=\"page\">\n\t\t\t\t\t\t<section class=\"elementor-section elementor-top-section elementor-element elementor-element-b2082c2 elementor-section-full_width elementor-section-content-middle elementor-section-height-default elementor-section-height-default\" data-id=\"b2082c2\" data-element_type=\"section\">\n\t\t\t\t\t\t<div class=\"elementor-container elementor-column-gap-default\">\n\t\t\t\t\t<div class=\"elementor-column elementor-col-50 elementor-top-column elementor-element elementor-element-62651dd\" data-id=\"62651dd\" data-element_type=\"column\">\n\t\t\t<div class=\"elementor-widget-wrap elementor-element-populated\">\n\t\t\t\t\t\t<div class=\"elementor-element elementor-element-c86aded elementor-widget__width-initial elementor-widget elementor-widget-gronn_core_single_image\" data-id=\"c86aded\" data-element_type=\"widget\" data-widget_type=\"gronn_core_single_image.default\">\n\t\t\t\t<div class=\"elementor-widget-container\">\n\t\t\t\t\t<div class=\"qodef-shortcode qodef-m  qodef-single-image qodef-layout--default qodef-image-radius--top-right\">\n\t\t\t<div class=\"qodef-m-image\">\n\t\t\t<div class=\"qodef-m-image-inner\">\n\t\t\t\t\t\t\t\t\t\t<img fetchpriority=\"high\" decoding=\"async\" width=\"2560\" height=\"2560\" src=\"https:\/\/lilyagarden.com\/wp-content\/uploads\/2025\/03\/WhatsApp-Image-2025-03-17-a-15.22.25_f8f55745-1.jpg\" class=\"attachment-full size-full\" alt=\"\" srcset=\"https:\/\/lilyagarden.com\/wp-content\/uploads\/2025\/03\/WhatsApp-Image-2025-03-17-a-15.22.25_f8f55745-1.jpg 2560w, https:\/\/lilyagarden.com\/wp-content\/uploads\/2025\/03\/WhatsApp-Image-2025-03-17-a-15.22.25_f8f55745-1-300x300.jpg 300w, https:\/\/lilyagarden.com\/wp-content\/uploads\/2025\/03\/WhatsApp-Image-2025-03-17-a-15.22.25_f8f55745-1-1024x1024.jpg 1024w, https:\/\/lilyagarden.com\/wp-content\/uploads\/2025\/03\/WhatsApp-Image-2025-03-17-a-15.22.25_f8f55745-1-150x150.jpg 150w, https:\/\/lilyagarden.com\/wp-content\/uploads\/2025\/03\/WhatsApp-Image-2025-03-17-a-15.22.25_f8f55745-1-768x768.jpg 768w, https:\/\/lilyagarden.com\/wp-content\/uploads\/2025\/03\/WhatsApp-Image-2025-03-17-a-15.22.25_f8f55745-1-1536x1536.jpg 1536w, https:\/\/lilyagarden.com\/wp-content\/uploads\/2025\/03\/WhatsApp-Image-2025-03-17-a-15.22.25_f8f55745-1-2048x2048.jpg 2048w, https:\/\/lilyagarden.com\/wp-content\/uploads\/2025\/03\/WhatsApp-Image-2025-03-17-a-15.22.25_f8f55745-1-12x12.jpg 12w, https:\/\/lilyagarden.com\/wp-content\/uploads\/2025\/03\/WhatsApp-Image-2025-03-17-a-15.22.25_f8f55745-1-650x650.jpg 650w, https:\/\/lilyagarden.com\/wp-content\/uploads\/2025\/03\/WhatsApp-Image-2025-03-17-a-15.22.25_f8f55745-1-1300x1300.jpg 1300w, https:\/\/lilyagarden.com\/wp-content\/uploads\/2025\/03\/WhatsApp-Image-2025-03-17-a-15.22.25_f8f55745-1-600x600.jpg 600w, https:\/\/lilyagarden.com\/wp-content\/uploads\/2025\/03\/WhatsApp-Image-2025-03-17-a-15.22.25_f8f55745-1-100x100.jpg 100w\" sizes=\"(max-width: 2560px) 100vw, 2560px\" \/>\t\t\t\t\t\t\n\t\t\t\t\n\t\t\t\t\t\t\t<\/div>\n\t\t<\/div>\n\t<\/div>\n\t\t\t\t<\/div>\n\t\t\t\t<\/div>\n\t\t\t\t\t<\/div>\n\t\t<\/div>\n\t\t\t\t<div class=\"elementor-column elementor-col-50 elementor-top-column elementor-element elementor-element-c4810bb\" data-id=\"c4810bb\" data-element_type=\"column\">\n\t\t\t<div class=\"elementor-widget-wrap elementor-element-populated\">\n\t\t\t\t\t\t<div class=\"elementor-element elementor-element-ac0f1c6 elementor-widget__width-initial elementor-widget-mobile__width-inherit elementor-widget elementor-widget-gronn_core_section_title\" data-id=\"ac0f1c6\" data-element_type=\"widget\" data-widget_type=\"gronn_core_section_title.default\">\n\t\t\t\t<div class=\"elementor-widget-container\">\n\t\t\t\t\t<div class=\"qodef-shortcode qodef-m  qodef-section-title qodef-alignment--left qodef-title-break--disabled\">\n\t\t<h2 class=\"qodef-m-title qodef-section-title-font-853\" >\n\t\t\t\t\tMobilier &amp; Objets<br> Art <span class=\"qodef-highlight-text\">d\u2019Art Ext\u00e9rieurs : L\u2019\u00e9l\u00e9gance du design en plein air\t\t\t<\/h2>\n\t\t<p class=\"qodef-m-text\" >Votre jardin est une extension de votre espace de vie. Nous vous proposons du mobilier ext\u00e9rieur sur-mesure et des objets d\u2019art uniques pour donner du caract\u00e8re \u00e0 vos espaces. Tables, bancs, pergolas, fontaines, sculptures, poteries artisanales\u2026 chaque \u00e9l\u00e9ment est con\u00e7u avec des mat\u00e9riaux durables et r\u00e9sistants aux intemp\u00e9ries. Nos cr\u00e9ations allient fonctionnalit\u00e9 et esth\u00e9tique, en jouant avec les textures et les formes pour s\u2019int\u00e9grer parfaitement dans l\u2019environnement naturel. Nous collaborons avec des artisans et designers pour cr\u00e9er des pi\u00e8ces exclusives qui transforment votre jardin en un lieu d\u2019exception, propice \u00e0 la d\u00e9tente et \u00e0 l\u2019inspiration.<\/p>\n\t<\/div>\n\t\t\t\t<\/div>\n\t\t\t\t<\/div>\n\t\t\t\t\t<\/div>\n\t\t<\/div>\n\t\t\t\t\t<\/div>\n\t\t<\/section>\n\t\t\t\t<\/div>","protected":false},"excerpt":{"rendered":"<p>Furniture &amp; Outdoor Art Objects Enhancing Elegance in Outdoor Design Your garden is an extension of your living space. We offer custom-made outdoor furniture and unique art objects to add character to your spaces. Tables, benches, pergolas, fountains, sculptures, handcrafted pottery&#8230; each piece is designed with durable and weather-resistant materials. Our creations combine functionality and [&hellip;]<\/p>","protected":false},"author":1,"featured_media":0,"parent":0,"menu_order":0,"comment_status":"closed","ping_status":"closed","template":"page-full-width.php","meta":{"_monsterinsights_skip_tracking":false,"_monsterinsights_sitenote_active":false,"_monsterinsights_sitenote_note":"","_monsterinsights_sitenote_category":0,"footnotes":""},"class_list":["post-8843","page","type-page","status-publish","hentry"],"aioseo_notices":[],"_links":{"self":[{"href":"https:\/\/lilyagarden.com\/fr\/wp-json\/wp\/v2\/pages\/8843","targetHints":{"allow":["GET"]}}],"collection":[{"href":"https:\/\/lilyagarden.com\/fr\/wp-json\/wp\/v2\/pages"}],"about":[{"href":"https:\/\/lilyagarden.com\/fr\/wp-json\/wp\/v2\/types\/page"}],"author":[{"embeddable":true,"href":"https:\/\/lilyagarden.com\/fr\/wp-json\/wp\/v2\/users\/1"}],"replies":[{"embeddable":true,"href":"https:\/\/lilyagarden.com\/fr\/wp-json\/wp\/v2\/comments?post=8843"}],"version-history":[{"count":19,"href":"https:\/\/lilyagarden.com\/fr\/wp-json\/wp\/v2\/pages\/8843\/revisions"}],"predecessor-version":[{"id":10299,"href":"https:\/\/lilyagarden.com\/fr\/wp-json\/wp\/v2\/pages\/8843\/revisions\/10299"}],"wp:attachment":[{"href":"https:\/\/lilyagarden.com\/fr\/wp-json\/wp\/v2\/media?parent=8843"}],"curies":[{"name":"wp","href":"https:\/\/api.w.org\/{rel}","templated":true}]}}