{"id":8826,"date":"2024-04-01T13:29:03","date_gmt":"2024-04-01T11:29:03","guid":{"rendered":"https:\/\/lilyagarden.com\/?page_id=8826"},"modified":"2025-03-18T11:53:05","modified_gmt":"2025-03-18T10:53:05","slug":"flooring","status":"publish","type":"page","link":"https:\/\/lilyagarden.com\/fr\/flooring\/","title":{"rendered":"Rev\u00eatements de sol"},"content":{"rendered":"<div data-elementor-type=\"wp-page\" data-elementor-id=\"8826\" class=\"elementor elementor-8826\" data-elementor-post-type=\"page\">\n\t\t\t\t\t\t<section class=\"elementor-section elementor-top-section elementor-element elementor-element-b2082c2 elementor-section-full_width elementor-section-content-middle elementor-section-height-default elementor-section-height-default\" data-id=\"b2082c2\" data-element_type=\"section\">\n\t\t\t\t\t\t<div class=\"elementor-container elementor-column-gap-default\">\n\t\t\t\t\t<div class=\"elementor-column elementor-col-50 elementor-top-column elementor-element elementor-element-62651dd\" data-id=\"62651dd\" data-element_type=\"column\">\n\t\t\t<div class=\"elementor-widget-wrap elementor-element-populated\">\n\t\t\t\t\t\t<div class=\"elementor-element elementor-element-c86aded elementor-widget__width-initial elementor-widget elementor-widget-gronn_core_single_image\" data-id=\"c86aded\" data-element_type=\"widget\" data-widget_type=\"gronn_core_single_image.default\">\n\t\t\t\t<div class=\"elementor-widget-container\">\n\t\t\t\t\t<div class=\"qodef-shortcode qodef-m  qodef-single-image qodef-layout--default qodef-image-radius--top-right\">\n\t\t\t<div class=\"qodef-m-image\">\n\t\t\t<div class=\"qodef-m-image-inner\">\n\t\t\t\t\t\t\t\t\t\t<img fetchpriority=\"high\" decoding=\"async\" width=\"2560\" height=\"2560\" src=\"https:\/\/lilyagarden.com\/wp-content\/uploads\/2025\/03\/WhatsApp-Image-2025-03-17-a-14.48.23_38238eb3-1.jpg\" class=\"attachment-full size-full\" alt=\"\" srcset=\"https:\/\/lilyagarden.com\/wp-content\/uploads\/2025\/03\/WhatsApp-Image-2025-03-17-a-14.48.23_38238eb3-1.jpg 2560w, https:\/\/lilyagarden.com\/wp-content\/uploads\/2025\/03\/WhatsApp-Image-2025-03-17-a-14.48.23_38238eb3-1-300x300.jpg 300w, https:\/\/lilyagarden.com\/wp-content\/uploads\/2025\/03\/WhatsApp-Image-2025-03-17-a-14.48.23_38238eb3-1-1024x1024.jpg 1024w, https:\/\/lilyagarden.com\/wp-content\/uploads\/2025\/03\/WhatsApp-Image-2025-03-17-a-14.48.23_38238eb3-1-150x150.jpg 150w, https:\/\/lilyagarden.com\/wp-content\/uploads\/2025\/03\/WhatsApp-Image-2025-03-17-a-14.48.23_38238eb3-1-768x768.jpg 768w, https:\/\/lilyagarden.com\/wp-content\/uploads\/2025\/03\/WhatsApp-Image-2025-03-17-a-14.48.23_38238eb3-1-1536x1536.jpg 1536w, https:\/\/lilyagarden.com\/wp-content\/uploads\/2025\/03\/WhatsApp-Image-2025-03-17-a-14.48.23_38238eb3-1-2048x2048.jpg 2048w, https:\/\/lilyagarden.com\/wp-content\/uploads\/2025\/03\/WhatsApp-Image-2025-03-17-a-14.48.23_38238eb3-1-12x12.jpg 12w, https:\/\/lilyagarden.com\/wp-content\/uploads\/2025\/03\/WhatsApp-Image-2025-03-17-a-14.48.23_38238eb3-1-650x650.jpg 650w, https:\/\/lilyagarden.com\/wp-content\/uploads\/2025\/03\/WhatsApp-Image-2025-03-17-a-14.48.23_38238eb3-1-1300x1300.jpg 1300w, https:\/\/lilyagarden.com\/wp-content\/uploads\/2025\/03\/WhatsApp-Image-2025-03-17-a-14.48.23_38238eb3-1-600x600.jpg 600w, https:\/\/lilyagarden.com\/wp-content\/uploads\/2025\/03\/WhatsApp-Image-2025-03-17-a-14.48.23_38238eb3-1-100x100.jpg 100w\" sizes=\"(max-width: 2560px) 100vw, 2560px\" \/>\t\t\t\t\t\t\n\t\t\t\t\n\t\t\t\t\t\t\t<\/div>\n\t\t<\/div>\n\t<\/div>\n\t\t\t\t<\/div>\n\t\t\t\t<\/div>\n\t\t\t\t\t<\/div>\n\t\t<\/div>\n\t\t\t\t<div class=\"elementor-column elementor-col-50 elementor-top-column elementor-element elementor-element-c4810bb\" data-id=\"c4810bb\" data-element_type=\"column\">\n\t\t\t<div class=\"elementor-widget-wrap elementor-element-populated\">\n\t\t\t\t\t\t<div class=\"elementor-element elementor-element-ac0f1c6 elementor-widget__width-initial elementor-widget-mobile__width-inherit elementor-widget elementor-widget-gronn_core_section_title\" data-id=\"ac0f1c6\" data-element_type=\"widget\" data-widget_type=\"gronn_core_section_title.default\">\n\t\t\t\t<div class=\"elementor-widget-container\">\n\t\t\t\t\t<div class=\"qodef-shortcode qodef-m  qodef-section-title qodef-alignment--left qodef-title-break--disabled\">\n\t\t<h2 class=\"qodef-m-title qodef-section-title-font-783\" >\n\t\t\t\t\tGarden Lighting: Enhance<br> votre <span class=\"qodef-highlight-text\">Outdoor Space<\/span> at Nightfall\t\t\t<\/h2>\n\t\t<p class=\"qodef-m-text\" >L\u2019\u00e9clairage ext\u00e9rieur joue un r\u00f4le crucial dans la mise en valeur de l'architecture et de la v\u00e9g\u00e9tation de votre jardin. Nous proposons des solutions d\u2019\u00e9clairage sur mesure qui allient harmonieusement esth\u00e9tique et efficacit\u00e9 \u00e9nerg\u00e9tique. Nos cr\u00e9ations comprennent des appareils encastr\u00e9s, des projecteurs directionnels, des lanternes modernes et des installations lumineuses artistiques pour cr\u00e9er une ambiance unique et raffin\u00e9e.\n\nGr\u00e2ce \u00e0 la technologie LED basse consommation et aux syst\u00e8mes solaires, nous garantissons un \u00e9clairage \u00e9cologique et \u00e9l\u00e9gant. Chaque projet est con\u00e7u avec soin pour mettre en valeur vos espaces ext\u00e9rieurs, accentuant les contours et offrant une atmosph\u00e8re chaleureuse, accueillante et s\u00e9curis\u00e9e, de jour comme de nuit.<\/p>\n\t<\/div>\n\t\t\t\t<\/div>\n\t\t\t\t<\/div>\n\t\t\t\t\t<\/div>\n\t\t<\/div>\n\t\t\t\t\t<\/div>\n\t\t<\/section>\n\t\t\t\t<\/div>","protected":false},"excerpt":{"rendered":"<p>Garden Lighting: Elevate Your Outdoor Space at Nightfall Outdoor lighting plays a crucial role in enhancing the architecture and greenery of your garden. We offer tailor-made lighting solutions that seamlessly blend aesthetics with energy efficiency. Our designs feature recessed fixtures, directional spotlights, modern lanterns, and artistic light installations to create a unique and refined ambiance. [&hellip;]<\/p>","protected":false},"author":1,"featured_media":0,"parent":0,"menu_order":0,"comment_status":"closed","ping_status":"closed","template":"page-full-width.php","meta":{"_monsterinsights_skip_tracking":false,"_monsterinsights_sitenote_active":false,"_monsterinsights_sitenote_note":"","_monsterinsights_sitenote_category":0,"footnotes":""},"class_list":["post-8826","page","type-page","status-publish","hentry"],"aioseo_notices":[],"_links":{"self":[{"href":"https:\/\/lilyagarden.com\/fr\/wp-json\/wp\/v2\/pages\/8826","targetHints":{"allow":["GET"]}}],"collection":[{"href":"https:\/\/lilyagarden.com\/fr\/wp-json\/wp\/v2\/pages"}],"about":[{"href":"https:\/\/lilyagarden.com\/fr\/wp-json\/wp\/v2\/types\/page"}],"author":[{"embeddable":true,"href":"https:\/\/lilyagarden.com\/fr\/wp-json\/wp\/v2\/users\/1"}],"replies":[{"embeddable":true,"href":"https:\/\/lilyagarden.com\/fr\/wp-json\/wp\/v2\/comments?post=8826"}],"version-history":[{"count":19,"href":"https:\/\/lilyagarden.com\/fr\/wp-json\/wp\/v2\/pages\/8826\/revisions"}],"predecessor-version":[{"id":10303,"href":"https:\/\/lilyagarden.com\/fr\/wp-json\/wp\/v2\/pages\/8826\/revisions\/10303"}],"wp:attachment":[{"href":"https:\/\/lilyagarden.com\/fr\/wp-json\/wp\/v2\/media?parent=8826"}],"curies":[{"name":"wp","href":"https:\/\/api.w.org\/{rel}","templated":true}]}}