{"id":8805,"date":"2024-04-01T13:24:42","date_gmt":"2024-04-01T11:24:42","guid":{"rendered":"https:\/\/lilyagarden.com\/?page_id=8805"},"modified":"2025-03-18T13:10:04","modified_gmt":"2025-03-18T12:10:04","slug":"lawn","status":"publish","type":"page","link":"https:\/\/lilyagarden.com\/fr\/lawn\/","title":{"rendered":"Pelouse"},"content":{"rendered":"<div data-elementor-type=\"wp-page\" data-elementor-id=\"8805\" class=\"elementor elementor-8805\" data-elementor-post-type=\"page\">\n\t\t\t\t\t\t<section class=\"elementor-section elementor-top-section elementor-element elementor-element-b2082c2 elementor-section-full_width elementor-section-content-middle elementor-section-height-default elementor-section-height-default\" data-id=\"b2082c2\" data-element_type=\"section\">\n\t\t\t\t\t\t<div class=\"elementor-container elementor-column-gap-default\">\n\t\t\t\t\t<div class=\"elementor-column elementor-col-50 elementor-top-column elementor-element elementor-element-62651dd\" data-id=\"62651dd\" data-element_type=\"column\">\n\t\t\t<div class=\"elementor-widget-wrap elementor-element-populated\">\n\t\t\t\t\t\t<div class=\"elementor-element elementor-element-c86aded elementor-widget__width-initial elementor-widget elementor-widget-gronn_core_single_image\" data-id=\"c86aded\" data-element_type=\"widget\" data-widget_type=\"gronn_core_single_image.default\">\n\t\t\t\t<div class=\"elementor-widget-container\">\n\t\t\t\t\t<div class=\"qodef-shortcode qodef-m  qodef-single-image qodef-layout--default qodef-image-radius--top-right\">\n\t\t\t<div class=\"qodef-m-image\">\n\t\t\t<div class=\"qodef-m-image-inner\">\n\t\t\t\t\t\t\t\t\t\t<img fetchpriority=\"high\" decoding=\"async\" width=\"2560\" height=\"2560\" src=\"https:\/\/lilyagarden.com\/wp-content\/uploads\/2025\/03\/WhatsApp-Image-2025-03-17-a-15.22.43_7afbe2de-1.jpg\" class=\"attachment-full size-full\" alt=\"\" srcset=\"https:\/\/lilyagarden.com\/wp-content\/uploads\/2025\/03\/WhatsApp-Image-2025-03-17-a-15.22.43_7afbe2de-1.jpg 2560w, https:\/\/lilyagarden.com\/wp-content\/uploads\/2025\/03\/WhatsApp-Image-2025-03-17-a-15.22.43_7afbe2de-1-300x300.jpg 300w, https:\/\/lilyagarden.com\/wp-content\/uploads\/2025\/03\/WhatsApp-Image-2025-03-17-a-15.22.43_7afbe2de-1-1024x1024.jpg 1024w, https:\/\/lilyagarden.com\/wp-content\/uploads\/2025\/03\/WhatsApp-Image-2025-03-17-a-15.22.43_7afbe2de-1-150x150.jpg 150w, https:\/\/lilyagarden.com\/wp-content\/uploads\/2025\/03\/WhatsApp-Image-2025-03-17-a-15.22.43_7afbe2de-1-768x768.jpg 768w, https:\/\/lilyagarden.com\/wp-content\/uploads\/2025\/03\/WhatsApp-Image-2025-03-17-a-15.22.43_7afbe2de-1-1536x1536.jpg 1536w, https:\/\/lilyagarden.com\/wp-content\/uploads\/2025\/03\/WhatsApp-Image-2025-03-17-a-15.22.43_7afbe2de-1-2048x2048.jpg 2048w, https:\/\/lilyagarden.com\/wp-content\/uploads\/2025\/03\/WhatsApp-Image-2025-03-17-a-15.22.43_7afbe2de-1-12x12.jpg 12w, https:\/\/lilyagarden.com\/wp-content\/uploads\/2025\/03\/WhatsApp-Image-2025-03-17-a-15.22.43_7afbe2de-1-650x650.jpg 650w, https:\/\/lilyagarden.com\/wp-content\/uploads\/2025\/03\/WhatsApp-Image-2025-03-17-a-15.22.43_7afbe2de-1-1300x1300.jpg 1300w, https:\/\/lilyagarden.com\/wp-content\/uploads\/2025\/03\/WhatsApp-Image-2025-03-17-a-15.22.43_7afbe2de-1-600x600.jpg 600w, https:\/\/lilyagarden.com\/wp-content\/uploads\/2025\/03\/WhatsApp-Image-2025-03-17-a-15.22.43_7afbe2de-1-100x100.jpg 100w\" sizes=\"(max-width: 2560px) 100vw, 2560px\" \/>\t\t\t\t\t\t\n\t\t\t\t\n\t\t\t\t\t\t\t<\/div>\n\t\t<\/div>\n\t<\/div>\n\t\t\t\t<\/div>\n\t\t\t\t<\/div>\n\t\t\t\t\t<\/div>\n\t\t<\/div>\n\t\t\t\t<div class=\"elementor-column elementor-col-50 elementor-top-column elementor-element elementor-element-c4810bb\" data-id=\"c4810bb\" data-element_type=\"column\">\n\t\t\t<div class=\"elementor-widget-wrap elementor-element-populated\">\n\t\t\t\t\t\t<div class=\"elementor-element elementor-element-ac0f1c6 elementor-widget__width-initial elementor-widget-mobile__width-inherit elementor-widget elementor-widget-gronn_core_section_title\" data-id=\"ac0f1c6\" data-element_type=\"widget\" data-widget_type=\"gronn_core_section_title.default\">\n\t\t\t\t<div class=\"elementor-widget-container\">\n\t\t\t\t\t<div class=\"qodef-shortcode qodef-m  qodef-section-title qodef-alignment--left qodef-title-break--disabled\">\n\t\t<h2 class=\"qodef-m-title qodef-section-title-font-455\" >\n\t\t\t\t\tPlantation &amp; Engazonnement<br> Installation: <span class=\"qodef-highlight-text\">: Un \u00e9crin de<\/span> verdure sur-mesure\t\t\t<\/h2>\n\t\t<p class=\"qodef-m-text\" >Cr\u00e9er un jardin harmonieux n\u00e9cessite une s\u00e9lection minutieuse des plantes et un engazonnement adapt\u00e9 au climat et \u00e0 l\u2019environnement. Nous vous accompagnons dans le choix des essences v\u00e9g\u00e9tales en privil\u00e9giant la biodiversit\u00e9 et la r\u00e9silience des esp\u00e8ces. Que vous optiez pour un gazon naturel, synth\u00e9tique ou un couvre-sol \u00e9cologique, nous assurons une pose parfaite pour un rendu impeccable. Nos plantations sont pens\u00e9es pour \u00e9voluer avec le temps, en cr\u00e9ant des compositions visuelles \u00e9quilibr\u00e9es et en int\u00e9grant des solutions durables pour un entretien r\u00e9duit. Offrez-vous un jardin vivant, esth\u00e9tique et adapt\u00e9 \u00e0 votre mode de vie.<\/p>\n\t<\/div>\n\t\t\t\t<\/div>\n\t\t\t\t<\/div>\n\t\t\t\t\t<\/div>\n\t\t<\/div>\n\t\t\t\t\t<\/div>\n\t\t<\/section>\n\t\t\t\t<\/div>","protected":false},"excerpt":{"rendered":"<p>Planting &amp; Lawn Installation: A Custom Green Haven Creating a harmonious garden requires a meticulous selection of plants and a lawn adapted to the climate and environment. We guide you in choosing plant species, prioritizing biodiversity and species resilience. Whether you opt for natural grass, synthetic turf, or an ecological ground cover, we ensure a [&hellip;]<\/p>","protected":false},"author":1,"featured_media":0,"parent":0,"menu_order":0,"comment_status":"closed","ping_status":"closed","template":"","meta":{"_monsterinsights_skip_tracking":false,"_monsterinsights_sitenote_active":false,"_monsterinsights_sitenote_note":"","_monsterinsights_sitenote_category":0,"footnotes":""},"class_list":["post-8805","page","type-page","status-publish","hentry"],"aioseo_notices":[],"_links":{"self":[{"href":"https:\/\/lilyagarden.com\/fr\/wp-json\/wp\/v2\/pages\/8805","targetHints":{"allow":["GET"]}}],"collection":[{"href":"https:\/\/lilyagarden.com\/fr\/wp-json\/wp\/v2\/pages"}],"about":[{"href":"https:\/\/lilyagarden.com\/fr\/wp-json\/wp\/v2\/types\/page"}],"author":[{"embeddable":true,"href":"https:\/\/lilyagarden.com\/fr\/wp-json\/wp\/v2\/users\/1"}],"replies":[{"embeddable":true,"href":"https:\/\/lilyagarden.com\/fr\/wp-json\/wp\/v2\/comments?post=8805"}],"version-history":[{"count":16,"href":"https:\/\/lilyagarden.com\/fr\/wp-json\/wp\/v2\/pages\/8805\/revisions"}],"predecessor-version":[{"id":10306,"href":"https:\/\/lilyagarden.com\/fr\/wp-json\/wp\/v2\/pages\/8805\/revisions\/10306"}],"wp:attachment":[{"href":"https:\/\/lilyagarden.com\/fr\/wp-json\/wp\/v2\/media?parent=8805"}],"curies":[{"name":"wp","href":"https:\/\/api.w.org\/{rel}","templated":true}]}}