{"id":8713,"date":"2024-04-01T12:43:15","date_gmt":"2024-04-01T10:43:15","guid":{"rendered":"https:\/\/lilyagarden.com\/?page_id=8713"},"modified":"2025-03-14T15:21:41","modified_gmt":"2025-03-14T14:21:41","slug":"irrigation","status":"publish","type":"page","link":"https:\/\/lilyagarden.com\/fr\/irrigation\/","title":{"rendered":"Irrigation"},"content":{"rendered":"<div data-elementor-type=\"wp-page\" data-elementor-id=\"8713\" class=\"elementor elementor-8713\" data-elementor-post-type=\"page\">\n\t\t\t\t\t\t<section class=\"elementor-section elementor-top-section elementor-element elementor-element-b2082c2 elementor-section-full_width elementor-section-content-middle elementor-section-height-default elementor-section-height-default\" data-id=\"b2082c2\" data-element_type=\"section\">\n\t\t\t\t\t\t<div class=\"elementor-container elementor-column-gap-default\">\n\t\t\t\t\t<div class=\"elementor-column elementor-col-50 elementor-top-column elementor-element elementor-element-62651dd\" data-id=\"62651dd\" data-element_type=\"column\">\n\t\t\t<div class=\"elementor-widget-wrap elementor-element-populated\">\n\t\t\t\t\t\t<div class=\"elementor-element elementor-element-c86aded elementor-widget__width-initial elementor-widget elementor-widget-gronn_core_single_image\" data-id=\"c86aded\" data-element_type=\"widget\" data-widget_type=\"gronn_core_single_image.default\">\n\t\t\t\t<div class=\"elementor-widget-container\">\n\t\t\t\t\t<div class=\"qodef-shortcode qodef-m  qodef-single-image qodef-layout--default qodef-image-radius--top-right\">\n\t\t\t<div class=\"qodef-m-image\">\n\t\t\t<div class=\"qodef-m-image-inner\">\n\t\t\t\t\t\t\t\t\t\t<img fetchpriority=\"high\" decoding=\"async\" width=\"1707\" height=\"2560\" src=\"https:\/\/lilyagarden.com\/wp-content\/uploads\/2024\/03\/sprinkler-watering-lawnsautomatic-watering-nozzle-irrigation-system-waters-grass-scaled.jpg\" class=\"attachment-full size-full\" alt=\"\" srcset=\"https:\/\/lilyagarden.com\/wp-content\/uploads\/2024\/03\/sprinkler-watering-lawnsautomatic-watering-nozzle-irrigation-system-waters-grass-scaled.jpg 1707w, https:\/\/lilyagarden.com\/wp-content\/uploads\/2024\/03\/sprinkler-watering-lawnsautomatic-watering-nozzle-irrigation-system-waters-grass-200x300.jpg 200w, https:\/\/lilyagarden.com\/wp-content\/uploads\/2024\/03\/sprinkler-watering-lawnsautomatic-watering-nozzle-irrigation-system-waters-grass-683x1024.jpg 683w, https:\/\/lilyagarden.com\/wp-content\/uploads\/2024\/03\/sprinkler-watering-lawnsautomatic-watering-nozzle-irrigation-system-waters-grass-768x1152.jpg 768w, https:\/\/lilyagarden.com\/wp-content\/uploads\/2024\/03\/sprinkler-watering-lawnsautomatic-watering-nozzle-irrigation-system-waters-grass-1024x1536.jpg 1024w, https:\/\/lilyagarden.com\/wp-content\/uploads\/2024\/03\/sprinkler-watering-lawnsautomatic-watering-nozzle-irrigation-system-waters-grass-1365x2048.jpg 1365w, https:\/\/lilyagarden.com\/wp-content\/uploads\/2024\/03\/sprinkler-watering-lawnsautomatic-watering-nozzle-irrigation-system-waters-grass-600x900.jpg 600w\" sizes=\"(max-width: 1707px) 100vw, 1707px\" \/>\t\t\t\t\t\t\n\t\t\t\t\n\t\t\t\t\t\t\t<\/div>\n\t\t<\/div>\n\t<\/div>\n\t\t\t\t<\/div>\n\t\t\t\t<\/div>\n\t\t\t\t\t<\/div>\n\t\t<\/div>\n\t\t\t\t<div class=\"elementor-column elementor-col-50 elementor-top-column elementor-element elementor-element-c4810bb\" data-id=\"c4810bb\" data-element_type=\"column\">\n\t\t\t<div class=\"elementor-widget-wrap elementor-element-populated\">\n\t\t\t\t\t\t<div class=\"elementor-element elementor-element-ac0f1c6 elementor-widget__width-initial elementor-widget-mobile__width-inherit elementor-widget elementor-widget-gronn_core_section_title\" data-id=\"ac0f1c6\" data-element_type=\"widget\" data-widget_type=\"gronn_core_section_title.default\">\n\t\t\t\t<div class=\"elementor-widget-container\">\n\t\t\t\t\t<div class=\"qodef-shortcode qodef-m  qodef-section-title qodef-alignment--left qodef-title-break--disabled\">\n\t\t<h2 class=\"qodef-m-title qodef-section-title-font-395\" >\n\t\t\t\t\tIrrigation : Ma\u00eetriser l\u2019eau<br> pour <span class=\"qodef-highlight-text\">un jardin<\/span> durable\t\t\t<\/h2>\n\t\t<p class=\"qodef-m-text\" >L\u2019irrigation est essentielle \u00e0 la vitalit\u00e9 et \u00e0 la long\u00e9vit\u00e9 de votre jardin. Nous concevons des syst\u00e8mes d\u2019irrigation intelligents et \u00e9conomes en eau, adapt\u00e9s aux besoins sp\u00e9cifiques de votre espace. Gr\u00e2ce \u00e0 des technologies modernes et des solutions sur-mesure, nous optimisons la gestion de l\u2019eau pour garantir une croissance harmonieuse des plantes, tout en minimisant le gaspillage.\n\n<br>Nos installations int\u00e8grent des capteurs d\u2019humidit\u00e9, des goutte-\u00e0-goutte et des programmateurs connect\u00e9s pour un arrosage pr\u00e9cis et efficace, m\u00eame en p\u00e9riode de s\u00e9cheresse. Offrez \u00e0 votre jardin un \u00e9quilibre parfait entre esth\u00e9tique et responsabilit\u00e9 environnementale.<\/p>\n\t<\/div>\n\t\t\t\t<\/div>\n\t\t\t\t<\/div>\n\t\t\t\t\t<\/div>\n\t\t<\/div>\n\t\t\t\t\t<\/div>\n\t\t<\/section>\n\t\t\t\t<\/div>","protected":false},"excerpt":{"rendered":"<p>Irrigation: Mastering Water for a Sustainable Garden Irrigation is essential for the vitality and longevity of your garden. We design intelligent and water-efficient irrigation systems tailored to the specific needs of your space. Thanks to modern technologies and customized solutions, we optimize water management to ensure harmonious plant growth while minimizing waste. Our installations integrate [&hellip;]<\/p>","protected":false},"author":1,"featured_media":0,"parent":0,"menu_order":0,"comment_status":"closed","ping_status":"open","template":"page-full-width.php","meta":{"_monsterinsights_skip_tracking":false,"_monsterinsights_sitenote_active":false,"_monsterinsights_sitenote_note":"","_monsterinsights_sitenote_category":0,"footnotes":""},"class_list":["post-8713","page","type-page","status-publish","hentry"],"aioseo_notices":[],"_links":{"self":[{"href":"https:\/\/lilyagarden.com\/fr\/wp-json\/wp\/v2\/pages\/8713","targetHints":{"allow":["GET"]}}],"collection":[{"href":"https:\/\/lilyagarden.com\/fr\/wp-json\/wp\/v2\/pages"}],"about":[{"href":"https:\/\/lilyagarden.com\/fr\/wp-json\/wp\/v2\/types\/page"}],"author":[{"embeddable":true,"href":"https:\/\/lilyagarden.com\/fr\/wp-json\/wp\/v2\/users\/1"}],"replies":[{"embeddable":true,"href":"https:\/\/lilyagarden.com\/fr\/wp-json\/wp\/v2\/comments?post=8713"}],"version-history":[{"count":27,"href":"https:\/\/lilyagarden.com\/fr\/wp-json\/wp\/v2\/pages\/8713\/revisions"}],"predecessor-version":[{"id":10183,"href":"https:\/\/lilyagarden.com\/fr\/wp-json\/wp\/v2\/pages\/8713\/revisions\/10183"}],"wp:attachment":[{"href":"https:\/\/lilyagarden.com\/fr\/wp-json\/wp\/v2\/media?parent=8713"}],"curies":[{"name":"wp","href":"https:\/\/api.w.org\/{rel}","templated":true}]}}