{"id":2661,"date":"2023-05-12T13:30:26","date_gmt":"2023-05-12T13:30:26","guid":{"rendered":"https:\/\/gronn.qodeinteractive.com\/?page_id=2661"},"modified":"2025-06-27T15:20:13","modified_gmt":"2025-06-27T13:20:13","slug":"contact-us","status":"publish","type":"page","link":"https:\/\/lilyagarden.com\/fr\/contact-us\/","title":{"rendered":"Contactez-nous"},"content":{"rendered":"<div data-elementor-type=\"wp-page\" data-elementor-id=\"2661\" class=\"elementor elementor-2661\" data-elementor-post-type=\"page\">\n\t\t\t\t\t\t<section class=\"elementor-section elementor-top-section elementor-element elementor-element-ef3a589 elementor-section-full_width qodef-elementor-content-grid elementor-section-height-default elementor-section-height-default\" data-id=\"ef3a589\" data-element_type=\"section\">\n\t\t\t\t\t\t<div class=\"elementor-container elementor-column-gap-default\">\n\t\t\t\t\t<div class=\"elementor-column elementor-col-50 elementor-top-column elementor-element elementor-element-84125c7\" data-id=\"84125c7\" data-element_type=\"column\">\n\t\t\t<div class=\"elementor-widget-wrap elementor-element-populated\">\n\t\t\t\t\t\t<div class=\"elementor-element elementor-element-496174b elementor-widget__width-initial elementor-widget elementor-widget-gronn_core_section_title\" data-id=\"496174b\" data-element_type=\"widget\" data-widget_type=\"gronn_core_section_title.default\">\n\t\t\t\t<div class=\"elementor-widget-container\">\n\t\t\t\t\t<div class=\"qodef-shortcode qodef-m  qodef-section-title qodef-alignment--left qodef-title-break--disabled\">\n\t\t<h2 class=\"qodef-m-title qodef-section-title-font-201\" >\n\t\t\t\t\tContactez-nous <span class=\"qodef-highlight-text\">ici<\/span><br> \t\t\t<\/h2>\n\t\t<p class=\"qodef-m-text\" style=\"margin-top: 20px\">Pour toute question, n'h\u00e9sitez pas \u00e0 nous contacter par t\u00e9l\u00e9phone ou par courrier \u00e9lectronique.<\/p>\n\t<\/div>\n\t\t\t\t<\/div>\n\t\t\t\t<\/div>\n\t\t\t\t<div class=\"elementor-element elementor-element-25c1939 elementor-widget elementor-widget-gronn_core_icon_list_item\" data-id=\"25c1939\" data-element_type=\"widget\" data-widget_type=\"gronn_core_icon_list_item.default\">\n\t\t\t\t<div class=\"elementor-widget-container\">\n\t\t\t\t\t<div class=\"qodef-icon-list-item qodef-icon--svg-icon\" >\n\t<p class=\"qodef-e-title\" style=\"font-weight: 500\">\n\t\t<a itemprop=\"url\" href=\"tel:+44%207903%20186162\" target=\"_self\">\n\t\t\t\t<span class=\"qodef-e-title-inner\">\n\t\t\t<span class=\"qodef-e-icon\">\n\t\t\t\t\t<span class=\"qodef-m-svg-bg\">\r\n\t\t<svg class=\"qodef-svg--predefined-shape\" xmlns=\"http:\/\/www.w3.org\/2000\/svg\" x=\"0px\" y=\"0px\" width='98.611' height='100' viewbox=\"0 0 98.611 100\" enable-background=\"new 0 0 98.611 100\" xml:space=\"preserve\"><path d=\"M 98.038 55.57 l -5.536 -3.195 c -1.918 -1.102 -1.922 -3.865 -0.016 -4.979 l 5.516 -3.212 c 2.316 -1.35 1.696 -4.851 -0.947 -5.319 l -6.293 -1.112 c -2.174 -0.384 -3.12 -2.973 -1.707 -4.668 l 4.08 -4.921 c 1.71 -2.06 -0.078 -5.134 -2.715 -4.668 l -6.284 1.117 c -2.171 0.384 -3.959 -1.727 -3.208 -3.806 l 2.157 -6.007 c 0.911 -2.521 -1.822 -4.805 -4.144 -3.464 l -5.535 3.193 c -1.912 1.104 -4.306 -0.269 -4.318 -2.476 l -0.03 -6.392 c -0.015 -2.677 -3.366 -3.888 -5.083 -1.834 l -4.1 4.893 c -1.414 1.693 -4.131 1.219 -4.899 -0.852 l -2.214 -5.996 c -0.929 -2.514 -4.487 -2.508 -5.402 0.008 l -2.19 6.011 c -0.756 2.076 -3.473 2.56 -4.899 0.873 l -4.124 -4.867 c -1.73 -2.048 -5.076 -0.823 -5.074 1.859 l 0.006 6.377 c 0.002 2.21 -2.383 3.595 -4.301 2.502 l -5.562 -3.173 c -2.323 -1.326 -5.042 0.965 -4.132 3.481 l 2.186 6.015 c 0.753 2.078 -1.013 4.194 -3.191 3.817 L 9.8 23.694 c -2.646 -0.455 -4.415 2.631 -2.69 4.685 l 4.102 4.883 c 1.418 1.691 0.484 4.285 -1.691 4.681 l -6.296 1.145 c -2.633 0.481 -3.242 3.982 -0.919 5.321 l 5.538 3.196 c 1.916 1.101 1.92 3.868 0.01 4.979 l -5.514 3.209 c -2.314 1.348 -1.691 4.854 0.946 5.319 l 6.295 1.111 c 2.171 0.387 3.124 2.973 1.709 4.673 l -4.082 4.918 c -1.708 2.057 0.08 5.135 2.713 4.672 l 6.282 -1.119 c 2.176 -0.385 3.96 1.729 3.21 3.808 l -2.159 6.007 c -0.911 2.522 1.822 4.808 4.142 3.465 l 5.54 -3.194 c 1.911 -1.096 4.303 0.271 4.313 2.476 l 0.034 6.399 c 0.014 2.674 3.363 3.887 5.083 1.827 l 4.096 -4.893 c 1.421 -1.699 4.138 -1.222 4.905 0.851 l 2.22 5.995 c 0.921 2.516 4.482 2.504 5.399 -0.013 l 2.19 -6.012 c 0.755 -2.073 3.472 -2.557 4.899 -0.868 l 4.121 4.864 c 1.733 2.053 5.075 0.823 5.071 -1.856 l -0.004 -6.377 c 0 -2.209 2.388 -3.598 4.308 -2.504 l 5.56 3.172 c 2.325 1.332 5.038 -0.963 4.129 -3.479 l -2.187 -6.018 c -0.749 -2.075 1.016 -4.194 3.191 -3.817 l 6.282 1.082 c 2.642 0.455 4.415 -2.631 2.689 -4.687 l -4.104 -4.876 c -1.419 -1.692 -0.485 -4.287 1.69 -4.682 l 6.293 -1.143 C 99.748 60.413 100.356 56.907 98.038 55.57 z\"\/><\/svg>\t<\/span>\r\n    \t\t\t\t    <span class=\"qodef-icon-holder\">\r\n\t\t<span class=\"qodef-m-svg\" >\r\n\t\t\t<svg xmlns=\"http:\/\/www.w3.org\/2000\/svg\" width=\"42\" height=\"42\" viewbox=\"-32.107 -1.218 42 42\" xml:space=\"preserve\"><path fill=\"#197b4f\" d=\"M-4.878 17.884c-.75 1.917-1.969 3.74-3.656 5.469-1.646 1.646-3.458 2.854-5.438 3.625-.938.417-1.813.625-2.625.625-.604 0-1.052-.146-1.344-.438 0-.021-.011-.031-.031-.031l-1.625-1.875c-.229-.25-.339-.563-.328-.938.01-.375.141-.688.391-.938l.063-.063 2.313-1.844c.25-.229.552-.344.906-.344s.667.125.938.375c.042.042.063.073.063.094l.625.938c.625-.125 1.625-.875 3-2.25 1.396-1.396 2.146-2.396 2.25-3l-.938-.625c-.021 0-.052-.021-.094-.063a1.391 1.391 0 0 1-.391-.922 1.26 1.26 0 0 1 .359-.922l1.844-2.313.063-.063c.208-.229.51-.364.906-.406.375-.063.698.042.969.313l1.875 1.625.063.063c.623.648.571 1.95-.158 3.908zm-.969-1.5c.188-.729.219-1.208.094-1.438l-1.813-1.594-1.781 2.281.875.625c.021 0 .042.011.063.031.271.229.406.511.406.844.063.979-.833 2.354-2.688 4.125-1.792 1.813-3.167 2.719-4.125 2.719a1.239 1.239 0 0 1-.844-.438c-.021 0-.031-.01-.031-.031l-.625-.938-2.25 1.781 1.594 1.844c.229.104.708.063 1.438-.125.729-.188 1.667-.604 2.813-1.25a14.73 14.73 0 0 0 3.188-2.438 14.737 14.737 0 0 0 2.438-3.188c.644-1.143 1.061-2.08 1.248-2.81z\"\/><\/svg>\t\t<\/span>\r\n\t<\/span>\r\n    \t\t\t\t\t\t\t<\/span>\n\t\t\t\t<span class=\"qodef-e-title-text\" data-title=\"Phone: +44 7903 186162\">T\u00e9l\u00e9phone : +44 7903 186162<\/span>\n\t\t\t<\/span>\n\t\t\t<\/a>\n<\/p>\n<\/div>\n\t\t\t\t<\/div>\n\t\t\t\t<\/div>\n\t\t\t\t<div class=\"elementor-element elementor-element-4803049 elementor-widget elementor-widget-gronn_core_icon_list_item\" data-id=\"4803049\" data-element_type=\"widget\" data-widget_type=\"gronn_core_icon_list_item.default\">\n\t\t\t\t<div class=\"elementor-widget-container\">\n\t\t\t\t\t<div class=\"qodef-icon-list-item qodef-icon--svg-icon\" >\n\t<p class=\"qodef-e-title\" style=\"font-weight: 500\">\n\t\t<a itemprop=\"url\" href=\"mailto:contact@lilyagarden.com\" target=\"_self\">\n\t\t\t\t<span class=\"qodef-e-title-inner\">\n\t\t\t<span class=\"qodef-e-icon\">\n\t\t\t\t\t<span class=\"qodef-m-svg-bg\">\r\n\t\t<svg class=\"qodef-svg--predefined-shape\" xmlns=\"http:\/\/www.w3.org\/2000\/svg\" x=\"0px\" y=\"0px\" width='98.611' height='100' viewbox=\"0 0 98.611 100\" enable-background=\"new 0 0 98.611 100\" xml:space=\"preserve\"><path d=\"M 98.038 55.57 l -5.536 -3.195 c -1.918 -1.102 -1.922 -3.865 -0.016 -4.979 l 5.516 -3.212 c 2.316 -1.35 1.696 -4.851 -0.947 -5.319 l -6.293 -1.112 c -2.174 -0.384 -3.12 -2.973 -1.707 -4.668 l 4.08 -4.921 c 1.71 -2.06 -0.078 -5.134 -2.715 -4.668 l -6.284 1.117 c -2.171 0.384 -3.959 -1.727 -3.208 -3.806 l 2.157 -6.007 c 0.911 -2.521 -1.822 -4.805 -4.144 -3.464 l -5.535 3.193 c -1.912 1.104 -4.306 -0.269 -4.318 -2.476 l -0.03 -6.392 c -0.015 -2.677 -3.366 -3.888 -5.083 -1.834 l -4.1 4.893 c -1.414 1.693 -4.131 1.219 -4.899 -0.852 l -2.214 -5.996 c -0.929 -2.514 -4.487 -2.508 -5.402 0.008 l -2.19 6.011 c -0.756 2.076 -3.473 2.56 -4.899 0.873 l -4.124 -4.867 c -1.73 -2.048 -5.076 -0.823 -5.074 1.859 l 0.006 6.377 c 0.002 2.21 -2.383 3.595 -4.301 2.502 l -5.562 -3.173 c -2.323 -1.326 -5.042 0.965 -4.132 3.481 l 2.186 6.015 c 0.753 2.078 -1.013 4.194 -3.191 3.817 L 9.8 23.694 c -2.646 -0.455 -4.415 2.631 -2.69 4.685 l 4.102 4.883 c 1.418 1.691 0.484 4.285 -1.691 4.681 l -6.296 1.145 c -2.633 0.481 -3.242 3.982 -0.919 5.321 l 5.538 3.196 c 1.916 1.101 1.92 3.868 0.01 4.979 l -5.514 3.209 c -2.314 1.348 -1.691 4.854 0.946 5.319 l 6.295 1.111 c 2.171 0.387 3.124 2.973 1.709 4.673 l -4.082 4.918 c -1.708 2.057 0.08 5.135 2.713 4.672 l 6.282 -1.119 c 2.176 -0.385 3.96 1.729 3.21 3.808 l -2.159 6.007 c -0.911 2.522 1.822 4.808 4.142 3.465 l 5.54 -3.194 c 1.911 -1.096 4.303 0.271 4.313 2.476 l 0.034 6.399 c 0.014 2.674 3.363 3.887 5.083 1.827 l 4.096 -4.893 c 1.421 -1.699 4.138 -1.222 4.905 0.851 l 2.22 5.995 c 0.921 2.516 4.482 2.504 5.399 -0.013 l 2.19 -6.012 c 0.755 -2.073 3.472 -2.557 4.899 -0.868 l 4.121 4.864 c 1.733 2.053 5.075 0.823 5.071 -1.856 l -0.004 -6.377 c 0 -2.209 2.388 -3.598 4.308 -2.504 l 5.56 3.172 c 2.325 1.332 5.038 -0.963 4.129 -3.479 l -2.187 -6.018 c -0.749 -2.075 1.016 -4.194 3.191 -3.817 l 6.282 1.082 c 2.642 0.455 4.415 -2.631 2.689 -4.687 l -4.104 -4.876 c -1.419 -1.692 -0.485 -4.287 1.69 -4.682 l 6.293 -1.143 C 99.748 60.413 100.356 56.907 98.038 55.57 z\"\/><\/svg>\t<\/span>\r\n    \t\t\t\t    <span class=\"qodef-icon-holder\">\r\n\t\t<span class=\"qodef-m-svg\" >\r\n\t\t\t<svg xmlns=\"http:\/\/www.w3.org\/2000\/svg\" width=\"42\" height=\"42\" viewbox=\"-148.368 -76.558 42 42\" xml:space=\"preserve\"><path fill=\"#197b4f\" d=\"M-120.146-60.904a.9.9 0 0 1 .278.659v9.375a.905.905 0 0 1-.278.659.9.9 0 0 1-.659.278h-13.125a.901.901 0 0 1-.659-.278.9.9 0 0 1-.278-.659v-9.375a.9.9 0 0 1 .278-.659.9.9 0 0 1 .659-.278h13.125a.895.895 0 0 1 .659.278zm-13.784.659v1.523l6.563 4.482 6.533-4.512.029.029v-1.523h-13.125zm3.604 5.127-3.604-2.461v6.035l3.604-3.574zm-2.93 4.248h11.777l-3.721-3.721-2.168 1.465-2.168-1.465-3.72 3.721zm12.451-.674v-6.094l-3.604 2.49 3.604 3.604z\"\/><\/svg>\t\t<\/span>\r\n\t<\/span>\r\n    \t\t\t\t\t\t\t<\/span>\n\t\t\t\t<span class=\"qodef-e-title-text\" data-title=\"Email: contact@lilyagarden.com\">Email: contact@lilyagarden.com<\/span>\n\t\t\t<\/span>\n\t\t\t<\/a>\n<\/p>\n<\/div>\n\t\t\t\t<\/div>\n\t\t\t\t<\/div>\n\t\t\t\t<div class=\"elementor-element elementor-element-bffb425 elementor-widget elementor-widget-gronn_core_icon_list_item\" data-id=\"bffb425\" data-element_type=\"widget\" data-widget_type=\"gronn_core_icon_list_item.default\">\n\t\t\t\t<div class=\"elementor-widget-container\">\n\t\t\t\t\t<div class=\"qodef-icon-list-item qodef-icon--svg-icon\" >\n\t<p class=\"qodef-e-title\" style=\"font-weight: 500\">\n\t\t\t<span class=\"qodef-e-title-inner\">\n\t\t\t<span class=\"qodef-e-icon\">\n\t\t\t\t\t<span class=\"qodef-m-svg-bg\">\r\n\t\t<svg class=\"qodef-svg--predefined-shape\" xmlns=\"http:\/\/www.w3.org\/2000\/svg\" x=\"0px\" y=\"0px\" width='98.611' height='100' viewbox=\"0 0 98.611 100\" enable-background=\"new 0 0 98.611 100\" xml:space=\"preserve\"><path d=\"M 98.038 55.57 l -5.536 -3.195 c -1.918 -1.102 -1.922 -3.865 -0.016 -4.979 l 5.516 -3.212 c 2.316 -1.35 1.696 -4.851 -0.947 -5.319 l -6.293 -1.112 c -2.174 -0.384 -3.12 -2.973 -1.707 -4.668 l 4.08 -4.921 c 1.71 -2.06 -0.078 -5.134 -2.715 -4.668 l -6.284 1.117 c -2.171 0.384 -3.959 -1.727 -3.208 -3.806 l 2.157 -6.007 c 0.911 -2.521 -1.822 -4.805 -4.144 -3.464 l -5.535 3.193 c -1.912 1.104 -4.306 -0.269 -4.318 -2.476 l -0.03 -6.392 c -0.015 -2.677 -3.366 -3.888 -5.083 -1.834 l -4.1 4.893 c -1.414 1.693 -4.131 1.219 -4.899 -0.852 l -2.214 -5.996 c -0.929 -2.514 -4.487 -2.508 -5.402 0.008 l -2.19 6.011 c -0.756 2.076 -3.473 2.56 -4.899 0.873 l -4.124 -4.867 c -1.73 -2.048 -5.076 -0.823 -5.074 1.859 l 0.006 6.377 c 0.002 2.21 -2.383 3.595 -4.301 2.502 l -5.562 -3.173 c -2.323 -1.326 -5.042 0.965 -4.132 3.481 l 2.186 6.015 c 0.753 2.078 -1.013 4.194 -3.191 3.817 L 9.8 23.694 c -2.646 -0.455 -4.415 2.631 -2.69 4.685 l 4.102 4.883 c 1.418 1.691 0.484 4.285 -1.691 4.681 l -6.296 1.145 c -2.633 0.481 -3.242 3.982 -0.919 5.321 l 5.538 3.196 c 1.916 1.101 1.92 3.868 0.01 4.979 l -5.514 3.209 c -2.314 1.348 -1.691 4.854 0.946 5.319 l 6.295 1.111 c 2.171 0.387 3.124 2.973 1.709 4.673 l -4.082 4.918 c -1.708 2.057 0.08 5.135 2.713 4.672 l 6.282 -1.119 c 2.176 -0.385 3.96 1.729 3.21 3.808 l -2.159 6.007 c -0.911 2.522 1.822 4.808 4.142 3.465 l 5.54 -3.194 c 1.911 -1.096 4.303 0.271 4.313 2.476 l 0.034 6.399 c 0.014 2.674 3.363 3.887 5.083 1.827 l 4.096 -4.893 c 1.421 -1.699 4.138 -1.222 4.905 0.851 l 2.22 5.995 c 0.921 2.516 4.482 2.504 5.399 -0.013 l 2.19 -6.012 c 0.755 -2.073 3.472 -2.557 4.899 -0.868 l 4.121 4.864 c 1.733 2.053 5.075 0.823 5.071 -1.856 l -0.004 -6.377 c 0 -2.209 2.388 -3.598 4.308 -2.504 l 5.56 3.172 c 2.325 1.332 5.038 -0.963 4.129 -3.479 l -2.187 -6.018 c -0.749 -2.075 1.016 -4.194 3.191 -3.817 l 6.282 1.082 c 2.642 0.455 4.415 -2.631 2.689 -4.687 l -4.104 -4.876 c -1.419 -1.692 -0.485 -4.287 1.69 -4.682 l 6.293 -1.143 C 99.748 60.413 100.356 56.907 98.038 55.57 z\"\/><\/svg>\t<\/span>\r\n    \t\t\t\t    <span class=\"qodef-icon-holder\">\r\n\t\t<span class=\"qodef-m-svg\" >\r\n\t\t\t<svg xmlns=\"http:\/\/www.w3.org\/2000\/svg\" width=\"42\" height=\"42\" viewbox=\"-273.39 -127.256 41.999 41.998\" xml:space=\"preserve\"><path fill=\"#197b4f\" d=\"M-253.304-98.62a35.854 35.854 0 0 1-1.278-1.61 32.596 32.596 0 0 1-1.561-2.258 17.115 17.115 0 0 1-1.395-2.739c-.41-1.007-.659-1.942-.747-2.806a4.678 4.678 0 0 1-.066-.764c0-1.638.581-3.038 1.743-4.2s2.567-1.743 4.217-1.743c1.649 0 3.055.581 4.217 1.743s1.743 2.563 1.743 4.2c0 .222-.022.465-.066.73-.089.886-.343 1.837-.764 2.855-.421 1.019-.863 1.909-1.328 2.673s-.991 1.539-1.577 2.324a45.551 45.551 0 0 1-1.212 1.577 9.586 9.586 0 0 1-.531.598 2.505 2.505 0 0 1-.266.232.548.548 0 0 1-.166.033.548.548 0 0 1-.166-.033.92.92 0 0 1-.266-.232c-.022.001-.199-.193-.531-.58zm-3.984-10.177c0 .177.011.388.033.631.088.819.337 1.71.747 2.673.409.963.902 1.876 1.478 2.739a44.445 44.445 0 0 0 1.478 2.108c.409.542.813 1.046 1.212 1.511.376-.465.764-.968 1.162-1.511.398-.542.885-1.245 1.461-2.108a15.048 15.048 0 0 0 1.444-2.739c.387-.963.625-1.854.714-2.673.044-.243.066-.454.066-.631 0-1.35-.481-2.501-1.444-3.453s-2.12-1.428-3.47-1.428c-1.351 0-2.501.476-3.453 1.428-.953.952-1.428 2.103-1.428 3.453zm2.125.017c0-.764.271-1.417.813-1.959.542-.542 1.195-.813 1.959-.813s1.417.271 1.959.813c.542.542.813 1.195.813 1.959s-.271 1.417-.813 1.959c-.542.542-1.195.813-1.959.813s-1.417-.271-1.959-.813a2.672 2.672 0 0 1-.813-1.959zm1.062 0c0 .476.166.88.498 1.212s.736.498 1.212.498.88-.166 1.212-.498.498-.736.498-1.212-.166-.88-.498-1.212-.736-.498-1.212-.498-.88.166-1.212.498-.498.736-.498 1.212z\"\/><\/svg>\t\t<\/span>\r\n\t<\/span>\r\n    \t\t\t\t\t\t\t<\/span>\n\t\t\t\t<span class=\"qodef-e-title-text\" data-title=\"Network Business Centre 46 Lower Richmond Road Mortlake London SW14 7EX\">Network Business Centre 46 Lower Richmond Road Mortlake London SW14 7EX<\/span>\n\t\t\t<\/span>\n\t\t<\/p>\n<\/div>\n\t\t\t\t<\/div>\n\t\t\t\t<\/div>\n\t\t\t\t\t<\/div>\n\t\t<\/div>\n\t\t\t\t<div class=\"elementor-column elementor-col-50 elementor-top-column elementor-element elementor-element-d30269c\" data-id=\"d30269c\" data-element_type=\"column\">\n\t\t\t<div class=\"elementor-widget-wrap elementor-element-populated\">\n\t\t\t\t\t\t<div class=\"elementor-element elementor-element-6e1b0cf elementor-widget elementor-widget-wp-widget-gronn_core_contact_form_7\" data-id=\"6e1b0cf\" data-element_type=\"widget\" data-widget_type=\"wp-widget-gronn_core_contact_form_7.default\">\n\t\t\t\t<div class=\"elementor-widget-container\">\n\t\t\t\t\t\t\t\t<div class=\"qodef-contact-form-7\">\n\t\t\t\t\n<div class=\"wpcf7 no-js\" id=\"wpcf7-f2680-o1\" lang=\"en-US\" dir=\"ltr\" data-wpcf7-id=\"2680\">\n<div class=\"screen-reader-response\"><p role=\"status\" aria-live=\"polite\" aria-atomic=\"true\"><\/p> <ul><\/ul><\/div>\n<form action=\"\/fr\/wp-json\/wp\/v2\/pages\/2661#wpcf7-f2680-o1\" method=\"post\" class=\"wpcf7-form init\" aria-label=\"Contact form\" novalidate=\"novalidate\" data-status=\"init\" data-trp-original-action=\"\/fr\/wp-json\/wp\/v2\/pages\/2661#wpcf7-f2680-o1\">\n<div style=\"display: none;\">\n<input type=\"hidden\" name=\"_wpcf7\" value=\"2680\" \/>\n<input type=\"hidden\" name=\"_wpcf7_version\" value=\"6.0.6\" \/>\n<input type=\"hidden\" name=\"_wpcf7_locale\" value=\"en_US\" \/>\n<input type=\"hidden\" name=\"_wpcf7_unit_tag\" value=\"wpcf7-f2680-o1\" \/>\n<input type=\"hidden\" name=\"_wpcf7_container_post\" value=\"0\" \/>\n<input type=\"hidden\" name=\"_wpcf7_posted_data_hash\" value=\"\" \/>\n<input type=\"hidden\" name=\"_wpcf7_recaptcha_response\" value=\"\" \/>\n<\/div>\n<div class=\"qodef-classic-contact-form\"><div class=\"qodef-contact-data\"> <div class=\"qodef-name\"><span class=\"wpcf7-form-control-wrap\" data-name=\"your-name\"><input size=\"40\" maxlength=\"400\" class=\"wpcf7-form-control wpcf7-text wpcf7-validates-as-required\" aria-required=\"true\" aria-invalid=\"false\" placeholder=\"Nom\" value=\"\" type=\"text\" name=\"your-name\" \/><\/span><\/div><div class=\"qodef-mail\"><span class=\"wpcf7-form-control-wrap\" data-name=\"your-email\"><input size=\"40\" maxlength=\"400\" class=\"wpcf7-form-control wpcf7-email wpcf7-validates-as-required wpcf7-text wpcf7-validates-as-email\" aria-required=\"true\" aria-invalid=\"false\" placeholder=\"Votre Email\" value=\"\" type=\"email\" name=\"your-email\" \/><\/span><\/div><\/div><span class=\"wpcf7-form-control-wrap\" data-name=\"your-message\"><textarea cols=\"40\" rows=\"4\" maxlength=\"2000\" class=\"wpcf7-form-control wpcf7-textarea\" aria-invalid=\"false\" placeholder=\"Message\" name=\"your-message\"><\/textarea><\/span><button class=\"wpcf7-form-control wpcf7-submit qodef-button qodef-size--normal qodef-layout--filled qodef-m\" type=\"submit\"><span class=\"qodef-m-text\">Envoyer<\/span><\/button><\/div><div class=\"wpcf7-response-output\" aria-hidden=\"true\"><\/div>\n<input type=\"hidden\" name=\"trp-form-language\" value=\"fr\"\/><\/form>\n<\/div>\n\t\t\t<\/div>\n\t\t\t\t\t\t\t<\/div>\n\t\t\t\t<\/div>\n\t\t\t\t\t<\/div>\n\t\t<\/div>\n\t\t\t\t\t<\/div>\n\t\t<\/section>\n\t\t\t\t<section class=\"elementor-section elementor-top-section elementor-element elementor-element-96cd724 elementor-section-boxed elementor-section-height-default elementor-section-height-default\" data-id=\"96cd724\" data-element_type=\"section\">\n\t\t\t\t\t\t<div class=\"elementor-container elementor-column-gap-default\">\n\t\t\t\t\t<div class=\"elementor-column elementor-col-100 elementor-top-column elementor-element elementor-element-dec3fc0\" data-id=\"dec3fc0\" data-element_type=\"column\">\n\t\t\t<div class=\"elementor-widget-wrap elementor-element-populated\">\n\t\t\t\t\t\t<div class=\"elementor-element elementor-element-8c913da elementor-widget elementor-widget-qi_addons_for_elementor_section_title\" data-id=\"8c913da\" data-element_type=\"widget\" data-widget_type=\"qi_addons_for_elementor_section_title.default\">\n\t\t\t\t<div class=\"elementor-widget-container\">\n\t\t\t\t\t<div class=\"qodef-shortcode qodef-m qodef-qi-section-title qodef-decoration--italic qodef-link--underline-draw qodef-subtitle-icon--left\">\n\t\t\t\t\t\t<h2 class=\"qodef-m-title\">\n\t\tOur Address \t<\/h2>\n\t\t\t<\/div>\n\t\t\t\t<\/div>\n\t\t\t\t<\/div>\n\t\t\t\t<div class=\"elementor-element elementor-element-54f6bcf elementor-widget elementor-widget-google_maps\" data-id=\"54f6bcf\" data-element_type=\"widget\" data-widget_type=\"google_maps.default\">\n\t\t\t\t<div class=\"elementor-widget-container\">\n\t\t\t\t\t\t\t<div class=\"elementor-custom-embed\">\n\t\t\t<iframe loading=\"lazy\"\n\t\t\t\t\tsrc=\"https:\/\/maps.google.com\/maps?q=%20Network%20Business%20Centre%2046%20Lower%20Richmond%20Road%20Mortlake%20London%20SW14%207EX&#038;t=m&#038;z=14&#038;output=embed&#038;iwloc=near\"\n\t\t\t\t\ttitle=\" Network Business Centre 46 Lower Richmond Road Mortlake London SW14 7EX\"\n\t\t\t\t\taria-label=\" Network Business Centre 46 Lower Richmond Road Mortlake London SW14 7EX\"\n\t\t\t><\/iframe>\n\t\t<\/div>\n\t\t\t\t\t\t<\/div>\n\t\t\t\t<\/div>\n\t\t\t\t\t<\/div>\n\t\t<\/div>\n\t\t\t\t\t<\/div>\n\t\t<\/section>\n\t\t\t\t<\/div>","protected":false},"excerpt":{"rendered":"<p>Contact us here For all inquiries, please do not hesitate to contact us by telephone or e-mail. Phone: +44 7903 186162 Email: contact@lilyagarden.com Network Business Centre 46 Lower Richmond Road Mortlake London SW14 7EX Our Address<\/p>","protected":false},"author":1,"featured_media":0,"parent":0,"menu_order":0,"comment_status":"closed","ping_status":"closed","template":"page-full-width.php","meta":{"_monsterinsights_skip_tracking":false,"_monsterinsights_sitenote_active":false,"_monsterinsights_sitenote_note":"","_monsterinsights_sitenote_category":0,"footnotes":""},"class_list":["post-2661","page","type-page","status-publish","hentry"],"aioseo_notices":[],"_links":{"self":[{"href":"https:\/\/lilyagarden.com\/fr\/wp-json\/wp\/v2\/pages\/2661","targetHints":{"allow":["GET"]}}],"collection":[{"href":"https:\/\/lilyagarden.com\/fr\/wp-json\/wp\/v2\/pages"}],"about":[{"href":"https:\/\/lilyagarden.com\/fr\/wp-json\/wp\/v2\/types\/page"}],"author":[{"embeddable":true,"href":"https:\/\/lilyagarden.com\/fr\/wp-json\/wp\/v2\/users\/1"}],"replies":[{"embeddable":true,"href":"https:\/\/lilyagarden.com\/fr\/wp-json\/wp\/v2\/comments?post=2661"}],"version-history":[{"count":18,"href":"https:\/\/lilyagarden.com\/fr\/wp-json\/wp\/v2\/pages\/2661\/revisions"}],"predecessor-version":[{"id":10322,"href":"https:\/\/lilyagarden.com\/fr\/wp-json\/wp\/v2\/pages\/2661\/revisions\/10322"}],"wp:attachment":[{"href":"https:\/\/lilyagarden.com\/fr\/wp-json\/wp\/v2\/media?parent=2661"}],"curies":[{"name":"wp","href":"https:\/\/api.w.org\/{rel}","templated":true}]}}