{"id":2025,"date":"2023-05-11T10:05:56","date_gmt":"2023-05-11T10:05:56","guid":{"rendered":"https:\/\/gronn.qodeinteractive.com\/?page_id=2025"},"modified":"2026-03-16T13:23:04","modified_gmt":"2026-03-16T12:23:04","slug":"about-2","status":"publish","type":"page","link":"https:\/\/lilyagarden.com\/fr\/about-2\/","title":{"rendered":"A propos de nous"},"content":{"rendered":"<div data-elementor-type=\"wp-page\" data-elementor-id=\"2025\" class=\"elementor elementor-2025\" data-elementor-post-type=\"page\">\n\t\t\t\t\t\t<section class=\"elementor-section elementor-top-section elementor-element elementor-element-2cc084e elementor-section-boxed elementor-section-height-default elementor-section-height-default\" data-id=\"2cc084e\" data-element_type=\"section\">\n\t\t\t\t\t\t<div class=\"elementor-container elementor-column-gap-default\">\n\t\t\t\t\t<div class=\"elementor-column elementor-col-100 elementor-top-column elementor-element elementor-element-2a47ef3\" data-id=\"2a47ef3\" data-element_type=\"column\">\n\t\t\t<div class=\"elementor-widget-wrap elementor-element-populated\">\n\t\t\t\t\t\t<div class=\"elementor-element elementor-element-bba9938 elementor-widget elementor-widget-spacer\" data-id=\"bba9938\" data-element_type=\"widget\" data-widget_type=\"spacer.default\">\n\t\t\t\t<div class=\"elementor-widget-container\">\n\t\t\t\t\t\t\t<div class=\"elementor-spacer\">\n\t\t\t<div class=\"elementor-spacer-inner\"><\/div>\n\t\t<\/div>\n\t\t\t\t\t\t<\/div>\n\t\t\t\t<\/div>\n\t\t\t\t\t<\/div>\n\t\t<\/div>\n\t\t\t\t\t<\/div>\n\t\t<\/section>\n\t\t\t\t<section class=\"elementor-section elementor-top-section elementor-element elementor-element-c10addc elementor-section-boxed elementor-section-height-default elementor-section-height-default\" data-id=\"c10addc\" data-element_type=\"section\">\n\t\t\t\t\t\t<div class=\"elementor-container elementor-column-gap-default\">\n\t\t\t\t\t<div class=\"elementor-column elementor-col-50 elementor-top-column elementor-element elementor-element-dcf7b16\" data-id=\"dcf7b16\" data-element_type=\"column\">\n\t\t\t<div class=\"elementor-widget-wrap elementor-element-populated\">\n\t\t\t\t\t\t<div class=\"elementor-element elementor-element-83a0c3d elementor-widget elementor-widget-spacer\" data-id=\"83a0c3d\" data-element_type=\"widget\" data-widget_type=\"spacer.default\">\n\t\t\t\t<div class=\"elementor-widget-container\">\n\t\t\t\t\t\t\t<div class=\"elementor-spacer\">\n\t\t\t<div class=\"elementor-spacer-inner\"><\/div>\n\t\t<\/div>\n\t\t\t\t\t\t<\/div>\n\t\t\t\t<\/div>\n\t\t\t\t<div class=\"elementor-element elementor-element-9631327 elementor-widget__width-initial elementor-widget elementor-widget-gronn_core_single_image\" data-id=\"9631327\" data-element_type=\"widget\" data-widget_type=\"gronn_core_single_image.default\">\n\t\t\t\t<div class=\"elementor-widget-container\">\n\t\t\t\t\t<div class=\"qodef-shortcode qodef-m  qodef-single-image qodef-layout--default qodef-image-radius--top-right\">\n\t\t\t<div class=\"qodef-m-image\">\n\t\t\t<div class=\"qodef-m-image-inner\">\n\t\t\t\t\t\t\t\t\t\t<img fetchpriority=\"high\" decoding=\"async\" width=\"1024\" height=\"683\" src=\"https:\/\/lilyagarden.com\/wp-content\/uploads\/2024\/04\/WhatsApp-Image-2024-04-01-at-09.50.52.jpeg\" class=\"attachment-full size-full\" alt=\"\" srcset=\"https:\/\/lilyagarden.com\/wp-content\/uploads\/2024\/04\/WhatsApp-Image-2024-04-01-at-09.50.52.jpeg 1024w, https:\/\/lilyagarden.com\/wp-content\/uploads\/2024\/04\/WhatsApp-Image-2024-04-01-at-09.50.52-300x200.jpeg 300w, https:\/\/lilyagarden.com\/wp-content\/uploads\/2024\/04\/WhatsApp-Image-2024-04-01-at-09.50.52-768x512.jpeg 768w, https:\/\/lilyagarden.com\/wp-content\/uploads\/2024\/04\/WhatsApp-Image-2024-04-01-at-09.50.52-600x400.jpeg 600w\" sizes=\"(max-width: 1024px) 100vw, 1024px\" \/>\t\t\t\t\t\t\n\t\t\t\t\n\t\t\t\t\t\t\t<\/div>\n\t\t<\/div>\n\t<\/div>\n\t\t\t\t<\/div>\n\t\t\t\t<\/div>\n\t\t\t\t\t<\/div>\n\t\t<\/div>\n\t\t\t\t<div class=\"elementor-column elementor-col-50 elementor-top-column elementor-element elementor-element-b70f76d\" data-id=\"b70f76d\" data-element_type=\"column\">\n\t\t\t<div class=\"elementor-widget-wrap elementor-element-populated\">\n\t\t\t\t\t\t<div class=\"elementor-element elementor-element-a66ba2b elementor-widget__width-initial elementor-widget-mobile__width-inherit elementor-widget elementor-widget-gronn_core_section_title\" data-id=\"a66ba2b\" data-element_type=\"widget\" data-widget_type=\"gronn_core_section_title.default\">\n\t\t\t\t<div class=\"elementor-widget-container\">\n\t\t\t\t\t<div class=\"qodef-shortcode qodef-m  qodef-section-title qodef-alignment--left qodef-title-break--disabled\">\n\t\t<h3 class=\"qodef-m-title qodef-section-title-font-57\" >\n\t\t\t\t\tTetem Van Grieken<br> - <span class=\"qodef-highlight-text\">Fondatrice et Directrice Cr\u00e9ative \t\t\t<\/h3>\n\t\t<p class=\"qodef-m-text\" >Tetem is a landscape architect and sustainable design consultant with over 15 years of experience in creating innovative and environmentally friendly outdoor spaces. Her portfolio includes a wide range of projects, from small to large residential complexes, as well as hotel resorts.\n\nAlways committed to sustainable and innovative solutions, in 2022, she completed a qualification program at Cambridge University on Circular Economy and Sustainability Strategies. Tetem is determined to design outdoor spaces that are both functional and environmentally responsible. Her work aims to inspire future generations to appreciate and protect their natural environment.<\/p>\n\t<\/div>\n\t\t\t\t<\/div>\n\t\t\t\t<\/div>\n\t\t\t\t<div class=\"elementor-element elementor-element-f80d715 elementor-widget elementor-widget-gronn_core_icon_list_item\" data-id=\"f80d715\" data-element_type=\"widget\" data-widget_type=\"gronn_core_icon_list_item.default\">\n\t\t\t\t<div class=\"elementor-widget-container\">\n\t\t\t\t\t<div class=\"qodef-icon-list-item qodef-icon--svg-icon\" >\n\t<p class=\"qodef-e-title\" style=\"font-weight: 500\">\n\t\t<a itemprop=\"url\" href=\"tel:\u202d+44%207903%20186162\u202c\" target=\"_self\">\n\t\t\t\t<span class=\"qodef-e-title-inner\">\n\t\t\t<span class=\"qodef-e-icon\">\n\t\t\t\t\t<span class=\"qodef-m-svg-bg\">\r\n\t\t<svg class=\"qodef-svg--predefined-shape\" xmlns=\"http:\/\/www.w3.org\/2000\/svg\" x=\"0px\" y=\"0px\" width='98.611' height='100' viewbox=\"0 0 98.611 100\" enable-background=\"new 0 0 98.611 100\" xml:space=\"preserve\"><path d=\"M 98.038 55.57 l -5.536 -3.195 c -1.918 -1.102 -1.922 -3.865 -0.016 -4.979 l 5.516 -3.212 c 2.316 -1.35 1.696 -4.851 -0.947 -5.319 l -6.293 -1.112 c -2.174 -0.384 -3.12 -2.973 -1.707 -4.668 l 4.08 -4.921 c 1.71 -2.06 -0.078 -5.134 -2.715 -4.668 l -6.284 1.117 c -2.171 0.384 -3.959 -1.727 -3.208 -3.806 l 2.157 -6.007 c 0.911 -2.521 -1.822 -4.805 -4.144 -3.464 l -5.535 3.193 c -1.912 1.104 -4.306 -0.269 -4.318 -2.476 l -0.03 -6.392 c -0.015 -2.677 -3.366 -3.888 -5.083 -1.834 l -4.1 4.893 c -1.414 1.693 -4.131 1.219 -4.899 -0.852 l -2.214 -5.996 c -0.929 -2.514 -4.487 -2.508 -5.402 0.008 l -2.19 6.011 c -0.756 2.076 -3.473 2.56 -4.899 0.873 l -4.124 -4.867 c -1.73 -2.048 -5.076 -0.823 -5.074 1.859 l 0.006 6.377 c 0.002 2.21 -2.383 3.595 -4.301 2.502 l -5.562 -3.173 c -2.323 -1.326 -5.042 0.965 -4.132 3.481 l 2.186 6.015 c 0.753 2.078 -1.013 4.194 -3.191 3.817 L 9.8 23.694 c -2.646 -0.455 -4.415 2.631 -2.69 4.685 l 4.102 4.883 c 1.418 1.691 0.484 4.285 -1.691 4.681 l -6.296 1.145 c -2.633 0.481 -3.242 3.982 -0.919 5.321 l 5.538 3.196 c 1.916 1.101 1.92 3.868 0.01 4.979 l -5.514 3.209 c -2.314 1.348 -1.691 4.854 0.946 5.319 l 6.295 1.111 c 2.171 0.387 3.124 2.973 1.709 4.673 l -4.082 4.918 c -1.708 2.057 0.08 5.135 2.713 4.672 l 6.282 -1.119 c 2.176 -0.385 3.96 1.729 3.21 3.808 l -2.159 6.007 c -0.911 2.522 1.822 4.808 4.142 3.465 l 5.54 -3.194 c 1.911 -1.096 4.303 0.271 4.313 2.476 l 0.034 6.399 c 0.014 2.674 3.363 3.887 5.083 1.827 l 4.096 -4.893 c 1.421 -1.699 4.138 -1.222 4.905 0.851 l 2.22 5.995 c 0.921 2.516 4.482 2.504 5.399 -0.013 l 2.19 -6.012 c 0.755 -2.073 3.472 -2.557 4.899 -0.868 l 4.121 4.864 c 1.733 2.053 5.075 0.823 5.071 -1.856 l -0.004 -6.377 c 0 -2.209 2.388 -3.598 4.308 -2.504 l 5.56 3.172 c 2.325 1.332 5.038 -0.963 4.129 -3.479 l -2.187 -6.018 c -0.749 -2.075 1.016 -4.194 3.191 -3.817 l 6.282 1.082 c 2.642 0.455 4.415 -2.631 2.689 -4.687 l -4.104 -4.876 c -1.419 -1.692 -0.485 -4.287 1.69 -4.682 l 6.293 -1.143 C 99.748 60.413 100.356 56.907 98.038 55.57 z\"\/><\/svg>\t<\/span>\r\n    \t\t\t\t    <span class=\"qodef-icon-holder\">\r\n\t\t<span class=\"qodef-m-svg\" >\r\n\t\t\t<svg xmlns=\"http:\/\/www.w3.org\/2000\/svg\" width=\"42\" height=\"42\" viewbox=\"-32.107 -1.218 42 42\" xml:space=\"preserve\"><path fill=\"#47592D\" d=\"M-4.878 17.884c-.75 1.917-1.969 3.74-3.656 5.469-1.646 1.646-3.458 2.854-5.438 3.625-.938.417-1.813.625-2.625.625-.604 0-1.052-.146-1.344-.438 0-.021-.011-.031-.031-.031l-1.625-1.875c-.229-.25-.339-.563-.328-.938.01-.375.141-.688.391-.938l.063-.063 2.313-1.844c.25-.229.552-.344.906-.344s.667.125.938.375c.042.042.063.073.063.094l.625.938c.625-.125 1.625-.875 3-2.25 1.396-1.396 2.146-2.396 2.25-3l-.938-.625c-.021 0-.052-.021-.094-.063a1.391 1.391 0 0 1-.391-.922 1.26 1.26 0 0 1 .359-.922l1.844-2.313.063-.063c.208-.229.51-.364.906-.406.375-.063.698.042.969.313l1.875 1.625.063.063c.623.648.571 1.95-.158 3.908zm-.969-1.5c.188-.729.219-1.208.094-1.438l-1.813-1.594-1.781 2.281.875.625c.021 0 .042.011.063.031.271.229.406.511.406.844.063.979-.833 2.354-2.688 4.125-1.792 1.813-3.167 2.719-4.125 2.719a1.239 1.239 0 0 1-.844-.438c-.021 0-.031-.01-.031-.031l-.625-.938-2.25 1.781 1.594 1.844c.229.104.708.063 1.438-.125.729-.188 1.667-.604 2.813-1.25a14.73 14.73 0 0 0 3.188-2.438 14.737 14.737 0 0 0 2.438-3.188c.644-1.143 1.061-2.08 1.248-2.81z\"\/><\/svg>\t\t<\/span>\r\n\t<\/span>\r\n    \t\t\t\t\t\t\t<\/span>\n\t\t\t\t<span class=\"qodef-e-title-text\" data-title=\"Phone : \u202d+44 7903 186162\u202c\">Phone : \u202d+44 7903 186162\u202c<\/span>\n\t\t\t<\/span>\n\t\t\t<\/a>\n<\/p>\n<\/div>\n\t\t\t\t<\/div>\n\t\t\t\t<\/div>\n\t\t\t\t<div class=\"elementor-element elementor-element-68f0c9a elementor-widget elementor-widget-gronn_core_icon_list_item\" data-id=\"68f0c9a\" data-element_type=\"widget\" data-widget_type=\"gronn_core_icon_list_item.default\">\n\t\t\t\t<div class=\"elementor-widget-container\">\n\t\t\t\t\t<div class=\"qodef-icon-list-item qodef-icon--svg-icon\" >\n\t<p class=\"qodef-e-title\" style=\"font-weight: 500\">\n\t\t<a itemprop=\"url\" href=\"mailto:contact@lilyagarden.com\" target=\"_self\">\n\t\t\t\t<span class=\"qodef-e-title-inner\">\n\t\t\t<span class=\"qodef-e-icon\">\n\t\t\t\t\t<span class=\"qodef-m-svg-bg\">\r\n\t\t<svg class=\"qodef-svg--predefined-shape\" xmlns=\"http:\/\/www.w3.org\/2000\/svg\" x=\"0px\" y=\"0px\" width='98.611' height='100' viewbox=\"0 0 98.611 100\" enable-background=\"new 0 0 98.611 100\" xml:space=\"preserve\"><path d=\"M 98.038 55.57 l -5.536 -3.195 c -1.918 -1.102 -1.922 -3.865 -0.016 -4.979 l 5.516 -3.212 c 2.316 -1.35 1.696 -4.851 -0.947 -5.319 l -6.293 -1.112 c -2.174 -0.384 -3.12 -2.973 -1.707 -4.668 l 4.08 -4.921 c 1.71 -2.06 -0.078 -5.134 -2.715 -4.668 l -6.284 1.117 c -2.171 0.384 -3.959 -1.727 -3.208 -3.806 l 2.157 -6.007 c 0.911 -2.521 -1.822 -4.805 -4.144 -3.464 l -5.535 3.193 c -1.912 1.104 -4.306 -0.269 -4.318 -2.476 l -0.03 -6.392 c -0.015 -2.677 -3.366 -3.888 -5.083 -1.834 l -4.1 4.893 c -1.414 1.693 -4.131 1.219 -4.899 -0.852 l -2.214 -5.996 c -0.929 -2.514 -4.487 -2.508 -5.402 0.008 l -2.19 6.011 c -0.756 2.076 -3.473 2.56 -4.899 0.873 l -4.124 -4.867 c -1.73 -2.048 -5.076 -0.823 -5.074 1.859 l 0.006 6.377 c 0.002 2.21 -2.383 3.595 -4.301 2.502 l -5.562 -3.173 c -2.323 -1.326 -5.042 0.965 -4.132 3.481 l 2.186 6.015 c 0.753 2.078 -1.013 4.194 -3.191 3.817 L 9.8 23.694 c -2.646 -0.455 -4.415 2.631 -2.69 4.685 l 4.102 4.883 c 1.418 1.691 0.484 4.285 -1.691 4.681 l -6.296 1.145 c -2.633 0.481 -3.242 3.982 -0.919 5.321 l 5.538 3.196 c 1.916 1.101 1.92 3.868 0.01 4.979 l -5.514 3.209 c -2.314 1.348 -1.691 4.854 0.946 5.319 l 6.295 1.111 c 2.171 0.387 3.124 2.973 1.709 4.673 l -4.082 4.918 c -1.708 2.057 0.08 5.135 2.713 4.672 l 6.282 -1.119 c 2.176 -0.385 3.96 1.729 3.21 3.808 l -2.159 6.007 c -0.911 2.522 1.822 4.808 4.142 3.465 l 5.54 -3.194 c 1.911 -1.096 4.303 0.271 4.313 2.476 l 0.034 6.399 c 0.014 2.674 3.363 3.887 5.083 1.827 l 4.096 -4.893 c 1.421 -1.699 4.138 -1.222 4.905 0.851 l 2.22 5.995 c 0.921 2.516 4.482 2.504 5.399 -0.013 l 2.19 -6.012 c 0.755 -2.073 3.472 -2.557 4.899 -0.868 l 4.121 4.864 c 1.733 2.053 5.075 0.823 5.071 -1.856 l -0.004 -6.377 c 0 -2.209 2.388 -3.598 4.308 -2.504 l 5.56 3.172 c 2.325 1.332 5.038 -0.963 4.129 -3.479 l -2.187 -6.018 c -0.749 -2.075 1.016 -4.194 3.191 -3.817 l 6.282 1.082 c 2.642 0.455 4.415 -2.631 2.689 -4.687 l -4.104 -4.876 c -1.419 -1.692 -0.485 -4.287 1.69 -4.682 l 6.293 -1.143 C 99.748 60.413 100.356 56.907 98.038 55.57 z\"\/><\/svg>\t<\/span>\r\n    \t\t\t\t    <span class=\"qodef-icon-holder\">\r\n\t\t<span class=\"qodef-m-svg\" >\r\n\t\t\t<svg xmlns=\"http:\/\/www.w3.org\/2000\/svg\" width=\"42\" height=\"42\" viewbox=\"-148.368 -76.558 42 42\" xml:space=\"preserve\"><path fill=\"#47592D\" d=\"M-120.146-60.904a.9.9 0 0 1 .278.659v9.375a.905.905 0 0 1-.278.659.9.9 0 0 1-.659.278h-13.125a.901.901 0 0 1-.659-.278.9.9 0 0 1-.278-.659v-9.375a.9.9 0 0 1 .278-.659.9.9 0 0 1 .659-.278h13.125a.895.895 0 0 1 .659.278zm-13.784.659v1.523l6.563 4.482 6.533-4.512.029.029v-1.523h-13.125zm3.604 5.127-3.604-2.461v6.035l3.604-3.574zm-2.93 4.248h11.777l-3.721-3.721-2.168 1.465-2.168-1.465-3.72 3.721zm12.451-.674v-6.094l-3.604 2.49 3.604 3.604z\"\/><\/svg>\t\t<\/span>\r\n\t<\/span>\r\n    \t\t\t\t\t\t\t<\/span>\n\t\t\t\t<span class=\"qodef-e-title-text\" data-title=\"Email: contact@lilyagarden.com\">Email: contact@lilyagarden.com<\/span>\n\t\t\t<\/span>\n\t\t\t<\/a>\n<\/p>\n<\/div>\n\t\t\t\t<\/div>\n\t\t\t\t<\/div>\n\t\t\t\t\t<\/div>\n\t\t<\/div>\n\t\t\t\t\t<\/div>\n\t\t<\/section>\n\t\t\t\t<section class=\"elementor-section elementor-top-section elementor-element elementor-element-ee8b4a7 elementor-section-boxed elementor-section-height-default elementor-section-height-default\" data-id=\"ee8b4a7\" data-element_type=\"section\">\n\t\t\t\t\t\t<div class=\"elementor-container elementor-column-gap-default\">\n\t\t\t\t\t<div class=\"elementor-column elementor-col-50 elementor-top-column elementor-element elementor-element-6f7485f\" data-id=\"6f7485f\" data-element_type=\"column\">\n\t\t\t<div class=\"elementor-widget-wrap elementor-element-populated\">\n\t\t\t\t\t\t<div class=\"elementor-element elementor-element-2a0a875 elementor-widget__width-initial elementor-widget-mobile__width-inherit elementor-widget elementor-widget-gronn_core_section_title\" data-id=\"2a0a875\" data-element_type=\"widget\" data-widget_type=\"gronn_core_section_title.default\">\n\t\t\t\t<div class=\"elementor-widget-container\">\n\t\t\t\t\t<div class=\"qodef-shortcode qodef-m  qodef-section-title qodef-alignment--left qodef-title-break--disabled\">\n\t\t<h2 class=\"qodef-m-title qodef-section-title-font-934\" >\n\t\t\t\t\tLilya Garden\t\t\t<\/h2>\n\t\t<p class=\"qodef-m-text\" >Located in London, Lilya Garden, founded in 2008, ensures the successful completion of architecture and urban planning projects, covering all phases from design to execution. Our company listens to your needs and offers the best personalized solutions for the development of your outdoor spaces.<\/p>\n\t<\/div>\n\t\t\t\t<\/div>\n\t\t\t\t<\/div>\n\t\t\t\t\t<\/div>\n\t\t<\/div>\n\t\t\t\t<div class=\"elementor-column elementor-col-50 elementor-top-column elementor-element elementor-element-d0d0c12\" data-id=\"d0d0c12\" data-element_type=\"column\">\n\t\t\t<div class=\"elementor-widget-wrap elementor-element-populated\">\n\t\t\t\t\t\t<div class=\"elementor-element elementor-element-4c66c36 elementor-widget elementor-widget-image\" data-id=\"4c66c36\" data-element_type=\"widget\" data-widget_type=\"image.default\">\n\t\t\t\t<div class=\"elementor-widget-container\">\n\t\t\t\t\t\t\t\t\t\t\t\t\t\t\t<img decoding=\"async\" width=\"1024\" height=\"1024\" src=\"https:\/\/lilyagarden.com\/wp-content\/uploads\/2025\/01\/WhatsApp-Image-2025-01-29-a-11.13.06_600edd20.jpg\" class=\"attachment-large size-large wp-image-9776\" alt=\"\" srcset=\"https:\/\/lilyagarden.com\/wp-content\/uploads\/2025\/01\/WhatsApp-Image-2025-01-29-a-11.13.06_600edd20.jpg 1024w, https:\/\/lilyagarden.com\/wp-content\/uploads\/2025\/01\/WhatsApp-Image-2025-01-29-a-11.13.06_600edd20-300x300.jpg 300w, https:\/\/lilyagarden.com\/wp-content\/uploads\/2025\/01\/WhatsApp-Image-2025-01-29-a-11.13.06_600edd20-150x150.jpg 150w, https:\/\/lilyagarden.com\/wp-content\/uploads\/2025\/01\/WhatsApp-Image-2025-01-29-a-11.13.06_600edd20-768x768.jpg 768w, https:\/\/lilyagarden.com\/wp-content\/uploads\/2025\/01\/WhatsApp-Image-2025-01-29-a-11.13.06_600edd20-12x12.jpg 12w, https:\/\/lilyagarden.com\/wp-content\/uploads\/2025\/01\/WhatsApp-Image-2025-01-29-a-11.13.06_600edd20-650x650.jpg 650w, https:\/\/lilyagarden.com\/wp-content\/uploads\/2025\/01\/WhatsApp-Image-2025-01-29-a-11.13.06_600edd20-600x600.jpg 600w, https:\/\/lilyagarden.com\/wp-content\/uploads\/2025\/01\/WhatsApp-Image-2025-01-29-a-11.13.06_600edd20-100x100.jpg 100w\" sizes=\"(max-width: 1024px) 100vw, 1024px\" \/>\t\t\t\t\t\t\t\t\t\t\t\t\t\t\t<\/div>\n\t\t\t\t<\/div>\n\t\t\t\t\t<\/div>\n\t\t<\/div>\n\t\t\t\t\t<\/div>\n\t\t<\/section>\n\t\t\t\t<section class=\"elementor-section elementor-top-section elementor-element elementor-element-3c7ee07 elementor-section-boxed elementor-section-height-default elementor-section-height-default\" data-id=\"3c7ee07\" data-element_type=\"section\">\n\t\t\t\t\t\t<div class=\"elementor-container elementor-column-gap-default\">\n\t\t\t\t\t<div class=\"elementor-column elementor-col-50 elementor-top-column elementor-element elementor-element-59f99be\" data-id=\"59f99be\" data-element_type=\"column\">\n\t\t\t<div class=\"elementor-widget-wrap elementor-element-populated\">\n\t\t\t\t\t\t<div class=\"elementor-element elementor-element-9e94f42 elementor-widget__width-initial elementor-widget elementor-widget-gronn_core_single_image\" data-id=\"9e94f42\" data-element_type=\"widget\" data-widget_type=\"gronn_core_single_image.default\">\n\t\t\t\t<div class=\"elementor-widget-container\">\n\t\t\t\t\t<div class=\"qodef-shortcode qodef-m  qodef-single-image qodef-layout--default qodef-image-radius--top-right\">\n\t\t\t<div class=\"qodef-m-image\">\n\t\t\t<div class=\"qodef-m-image-inner\">\n\t\t\t\t\t\t\t\t\t\t<img decoding=\"async\" width=\"1600\" height=\"1200\" src=\"https:\/\/lilyagarden.com\/wp-content\/uploads\/2025\/01\/WhatsApp-Image-2025-01-31-a-10.46.41_12be77d8.jpg\" class=\"attachment-full size-full\" alt=\"\" srcset=\"https:\/\/lilyagarden.com\/wp-content\/uploads\/2025\/01\/WhatsApp-Image-2025-01-31-a-10.46.41_12be77d8.jpg 1600w, https:\/\/lilyagarden.com\/wp-content\/uploads\/2025\/01\/WhatsApp-Image-2025-01-31-a-10.46.41_12be77d8-300x225.jpg 300w, https:\/\/lilyagarden.com\/wp-content\/uploads\/2025\/01\/WhatsApp-Image-2025-01-31-a-10.46.41_12be77d8-1024x768.jpg 1024w, https:\/\/lilyagarden.com\/wp-content\/uploads\/2025\/01\/WhatsApp-Image-2025-01-31-a-10.46.41_12be77d8-768x576.jpg 768w, https:\/\/lilyagarden.com\/wp-content\/uploads\/2025\/01\/WhatsApp-Image-2025-01-31-a-10.46.41_12be77d8-1536x1152.jpg 1536w, https:\/\/lilyagarden.com\/wp-content\/uploads\/2025\/01\/WhatsApp-Image-2025-01-31-a-10.46.41_12be77d8-16x12.jpg 16w, https:\/\/lilyagarden.com\/wp-content\/uploads\/2025\/01\/WhatsApp-Image-2025-01-31-a-10.46.41_12be77d8-600x450.jpg 600w\" sizes=\"(max-width: 1600px) 100vw, 1600px\" \/>\t\t\t\t\t\t\n\t\t\t\t\n\t\t\t\t\t\t\t<\/div>\n\t\t<\/div>\n\t<\/div>\n\t\t\t\t<\/div>\n\t\t\t\t<\/div>\n\t\t\t\t\t<\/div>\n\t\t<\/div>\n\t\t\t\t<div class=\"elementor-column elementor-col-50 elementor-top-column elementor-element elementor-element-3edff8e\" data-id=\"3edff8e\" data-element_type=\"column\">\n\t\t\t<div class=\"elementor-widget-wrap elementor-element-populated\">\n\t\t\t\t\t\t<div class=\"elementor-element elementor-element-81aeda4 elementor-widget__width-initial elementor-widget-mobile__width-inherit elementor-widget elementor-widget-gronn_core_section_title\" data-id=\"81aeda4\" data-element_type=\"widget\" data-widget_type=\"gronn_core_section_title.default\">\n\t\t\t\t<div class=\"elementor-widget-container\">\n\t\t\t\t\t<div class=\"qodef-shortcode qodef-m  qodef-section-title qodef-alignment--left qodef-title-break--disabled\">\n\t\t<h3 class=\"qodef-m-title qodef-section-title-font-800\" >\n\t\t\t\t\tIsabelle Dahan -<br> Directrice <span class=\"qodef-highlight-text\">Financi\u00e8re\t\t\t<\/h3>\n\t\t<p class=\"qodef-m-text\" >Avec une expertise pointue en gestion financi\u00e8re et en strat\u00e9gie d\u2019investissement, Isabelle Dahan joue un r\u00f4le cl\u00e9 dans le d\u00e9veloppement et la p\u00e9rennit\u00e9 de Lilya Garden. Son approche rigoureuse et visionnaire permet d\u2019optimiser les ressources, d\u2019assurer une gestion responsable des budgets et de soutenir la croissance durable de l\u2019entreprise.\n\nPassionn\u00e9e par l\u2019innovation et la structuration financi\u00e8re, elle veille \u00e0 ce que chaque projet paysager b\u00e9n\u00e9ficie d\u2019une gestion efficace et d\u2019une rentabilit\u00e9 ma\u00eetris\u00e9e, tout en respectant les valeurs \u00e9cologiques et durables de\u00a0Lilya\u00a0Garden.<\/p>\n\t<\/div>\n\t\t\t\t<\/div>\n\t\t\t\t<\/div>\n\t\t\t\t\t<\/div>\n\t\t<\/div>\n\t\t\t\t\t<\/div>\n\t\t<\/section>\n\t\t\t\t<section class=\"elementor-section elementor-top-section elementor-element elementor-element-03f22c8 elementor-section-boxed elementor-section-height-default elementor-section-height-default\" data-id=\"03f22c8\" data-element_type=\"section\">\n\t\t\t\t\t\t<div class=\"elementor-container elementor-column-gap-default\">\n\t\t\t\t\t<div class=\"elementor-column elementor-col-100 elementor-top-column elementor-element elementor-element-7dbc315\" data-id=\"7dbc315\" data-element_type=\"column\">\n\t\t\t<div class=\"elementor-widget-wrap\">\n\t\t\t\t\t\t\t<\/div>\n\t\t<\/div>\n\t\t\t\t\t<\/div>\n\t\t<\/section>\n\t\t<div class=\"elementor-element elementor-element-8a2fa9b e-flex e-con-boxed e-con e-parent\" data-id=\"8a2fa9b\" data-element_type=\"container\">\n\t\t\t\t\t<div class=\"e-con-inner\">\n\t\t\t\t\t<\/div>\n\t\t\t\t<\/div>\n\t\t<div class=\"elementor-element elementor-element-f2a9958 e-flex e-con-boxed e-con e-parent\" data-id=\"f2a9958\" data-element_type=\"container\">\n\t\t\t\t\t<div class=\"e-con-inner\">\n\t\t\t\t<div class=\"elementor-element elementor-element-7630d84 elementor-widget elementor-widget-qi_addons_for_elementor_section_title\" data-id=\"7630d84\" data-element_type=\"widget\" data-widget_type=\"qi_addons_for_elementor_section_title.default\">\n\t\t\t\t<div class=\"elementor-widget-container\">\n\t\t\t\t\t<div class=\"qodef-shortcode qodef-m qodef-qi-section-title qodef-decoration--italic qodef-link--underline-draw qodef-subtitle-icon--left\">\n\t\t\t\t\t\t<h2 class=\"qodef-m-title\">\n\t\tRejoignez nous dans l\u2019aventure\u00a0verte.\t<\/h2>\n\t\t\t<div class=\"qodef-m-text\"><p>Contactez-nous pour discuter de vos projets<\/p><\/div>\n\t\t<div class=\"qodef-m-button qodef-qi-clear\">\n\t\t<a class=\"qodef-shortcode qodef-m qodef-qi-button qodef-html--link qodef-layout--filled qodef-type--standard qodef-icon--right qodef-hover--icon-move-horizontal-short\" href=\"https:\/\/wa.me\/+447903186162\" target=\"_self\">\t<span class=\"qodef-m-text\">Contact Whatsapp<\/span>\t<\/a>\t<\/div>\n<\/div>\n\t\t\t\t<\/div>\n\t\t\t\t<\/div>\n\t\t\t\t\t<\/div>\n\t\t\t\t<\/div>\n\t\t\t\t<\/div>","protected":false},"excerpt":{"rendered":"<p>Tetem Van Grieken &#8211; Founder and Creative Director Tetem is a landscape architect and sustainable design consultant with over 15 years of experience in creating innovative and environmentally friendly outdoor spaces. Her portfolio includes a wide range of projects, from small to large residential complexes, as well as hotel resorts. Always committed to sustainable and [&hellip;]<\/p>","protected":false},"author":1,"featured_media":0,"parent":0,"menu_order":0,"comment_status":"closed","ping_status":"closed","template":"page-full-width.php","meta":{"_monsterinsights_skip_tracking":false,"_monsterinsights_sitenote_active":false,"_monsterinsights_sitenote_note":"","_monsterinsights_sitenote_category":0,"footnotes":""},"class_list":["post-2025","page","type-page","status-publish","hentry"],"aioseo_notices":[],"_links":{"self":[{"href":"https:\/\/lilyagarden.com\/fr\/wp-json\/wp\/v2\/pages\/2025","targetHints":{"allow":["GET"]}}],"collection":[{"href":"https:\/\/lilyagarden.com\/fr\/wp-json\/wp\/v2\/pages"}],"about":[{"href":"https:\/\/lilyagarden.com\/fr\/wp-json\/wp\/v2\/types\/page"}],"author":[{"embeddable":true,"href":"https:\/\/lilyagarden.com\/fr\/wp-json\/wp\/v2\/users\/1"}],"replies":[{"embeddable":true,"href":"https:\/\/lilyagarden.com\/fr\/wp-json\/wp\/v2\/comments?post=2025"}],"version-history":[{"count":218,"href":"https:\/\/lilyagarden.com\/fr\/wp-json\/wp\/v2\/pages\/2025\/revisions"}],"predecessor-version":[{"id":10342,"href":"https:\/\/lilyagarden.com\/fr\/wp-json\/wp\/v2\/pages\/2025\/revisions\/10342"}],"wp:attachment":[{"href":"https:\/\/lilyagarden.com\/fr\/wp-json\/wp\/v2\/media?parent=2025"}],"curies":[{"name":"wp","href":"https:\/\/api.w.org\/{rel}","templated":true}]}}